{"id":84696,"date":"2024-06-24T08:38:49","date_gmt":"2024-06-24T08:38:49","guid":{"rendered":"https:\/\/preparia.ma\/?post_type=product&#038;p=84696"},"modified":"2024-06-26T08:49:14","modified_gmt":"2024-06-26T08:49:14","slug":"ena","status":"publish","type":"product","link":"https:\/\/preparia.ma\/en\/product\/ena\/","title":{"rendered":"\u00c9cole Nationale d&rsquo;Architecture (ENA)"},"content":{"rendered":"<h3><strong>Conditions de Remboursement<\/strong><\/h3>\n<ol>\n<li><strong>Non-R\u00e9ussite au Concours<\/strong> :\n<ul>\n<li>En cas de non-r\u00e9ussite au concours, un remboursement peut \u00eatre accord\u00e9 sur pr\u00e9sentation des r\u00e9sultats officiels.<\/li>\n<\/ul>\n<\/li>\n<\/ol>\n<ol start=\"2\">\n<li><strong>Conditions de Participation<\/strong> :\n<ul>\n<li>Les \u00e9tudiants doivent avoir suivi au moins 90% des cours et compl\u00e9t\u00e9 tous les devoirs et examens pour \u00eatre \u00e9ligibles au remboursement en cas de non-r\u00e9ussite.<\/li>\n<\/ul>\n<\/li>\n<\/ol>\n<ol start=\"3\">\n<li><strong>Frais Administratifs<\/strong> :\n<ul>\n<li>Des frais administratifs de 100 DH seront d\u00e9duits de tout remboursement accord\u00e9.<\/li>\n<\/ul>\n<\/li>\n<\/ol>\n<ol start=\"4\">\n<li><strong>Proc\u00e9dure de Demande de Remboursement<\/strong> :\n<ul>\n<li>Le formulaire de remboursement doit \u00eatre rempli et envoy\u00e9.<\/li>\n<\/ul>\n<\/li>\n<\/ol>","protected":false},"excerpt":{"rendered":"<p>Conditions de Remboursement Non-R\u00e9ussite au Concours : En cas de non-r\u00e9ussite au concours, un remboursement peut \u00eatre accord\u00e9 sur pr\u00e9sentation des r\u00e9sultats officiels. Conditions de Participation : Les \u00e9tudiants doivent avoir suivi au moins 90% des cours et compl\u00e9t\u00e9 tous les devoirs et examens pour \u00eatre \u00e9ligibles au remboursement en cas de non-r\u00e9ussite. Frais Administratifs&#8230;<\/p>","protected":false},"featured_media":82702,"template":"","meta":{"_acf_changed":false,"_eb_attr":"","inline_featured_image":false},"product_brand":[],"product_cat":[300],"product_tag":[],"class_list":{"0":"post-84696","1":"product","2":"type-product","3":"status-publish","4":"has-post-thumbnail","6":"product_cat-concours-dacces-aux-grandes-ecoles","8":"first","9":"instock","10":"sale","11":"virtual","12":"sold-individually","13":"purchasable","14":"product-type-simple"},"acf":[],"_links":{"self":[{"href":"https:\/\/preparia.ma\/en\/wp-json\/wp\/v2\/product\/84696","targetHints":{"allow":["GET"]}}],"collection":[{"href":"https:\/\/preparia.ma\/en\/wp-json\/wp\/v2\/product"}],"about":[{"href":"https:\/\/preparia.ma\/en\/wp-json\/wp\/v2\/types\/product"}],"wp:featuredmedia":[{"embeddable":true,"href":"https:\/\/preparia.ma\/en\/wp-json\/wp\/v2\/media\/82702"}],"wp:attachment":[{"href":"https:\/\/preparia.ma\/en\/wp-json\/wp\/v2\/media?parent=84696"}],"wp:term":[{"taxonomy":"product_brand","embeddable":true,"href":"https:\/\/preparia.ma\/en\/wp-json\/wp\/v2\/product_brand?post=84696"},{"taxonomy":"product_cat","embeddable":true,"href":"https:\/\/preparia.ma\/en\/wp-json\/wp\/v2\/product_cat?post=84696"},{"taxonomy":"product_tag","embeddable":true,"href":"https:\/\/preparia.ma\/en\/wp-json\/wp\/v2\/product_tag?post=84696"}],"curies":[{"name":"wp","href":"https:\/\/api.w.org\/{rel}","templated":true}]}}