{"id":86135,"date":"2024-06-26T10:27:56","date_gmt":"2024-06-26T10:27:56","guid":{"rendered":"https:\/\/preparia.ma\/?page_id=86135"},"modified":"2024-06-27T14:18:37","modified_gmt":"2024-06-27T14:18:37","slug":"qui-sommes-nous","status":"publish","type":"page","link":"https:\/\/preparia.ma\/en\/qui-sommes-nous\/","title":{"rendered":"Qui sommes-nous?"},"content":{"rendered":"<div data-elementor-type=\"wp-page\" data-elementor-id=\"86135\" class=\"elementor elementor-86135\" data-elementor-post-type=\"page\">\n\t\t\t\t\t\t<section class=\"elementor-section elementor-top-section elementor-element elementor-element-90fb6d8 elementor-section-boxed elementor-section-height-default elementor-section-height-default\" data-id=\"90fb6d8\" data-element_type=\"section\" data-e-type=\"section\" data-settings=\"{&quot;ekit_has_onepagescroll_dot&quot;:&quot;yes&quot;}\">\n\t\t\t\t\t\t<div class=\"elementor-container elementor-column-gap-default\">\n\t\t\t\t\t<div class=\"elementor-column elementor-col-100 elementor-top-column elementor-element elementor-element-4d7eb53\" data-id=\"4d7eb53\" data-element_type=\"column\" data-e-type=\"column\">\n\t\t\t<div class=\"elementor-widget-wrap elementor-element-populated\">\n\t\t\t\t\t\t<div class=\"elementor-element elementor-element-8fe254a edubin-title-align-center elementor-widget elementor-widget-section-title-addons\" data-id=\"8fe254a\" data-element_type=\"widget\" data-e-type=\"widget\" data-settings=\"{&quot;ekit_we_effect_on&quot;:&quot;none&quot;}\" data-widget_type=\"section-title-addons.default\">\n\t\t\t\t<div class=\"elementor-widget-container\">\n\t\t\t\t\t            <div class=\"edubin-section-title edubin-subtitle-position- title-style-four\">\r\n                <h2 class=\"section-title-txt\">Qui sommes-nous?<\/h2><div class=\"edubin-title-sperator-sec\"><span class=\"edubin-title-sperator\">&nbsp;<\/span><\/div>            <\/div>\r\n\r\n        \t\t\t\t<\/div>\n\t\t\t\t<\/div>\n\t\t\t\t\t<\/div>\n\t\t<\/div>\n\t\t\t\t\t<\/div>\n\t\t<\/section>\n\t\t\t\t<section class=\"elementor-section elementor-top-section elementor-element elementor-element-ec87ed4 elementor-section-boxed elementor-section-height-default elementor-section-height-default\" data-id=\"ec87ed4\" data-element_type=\"section\" data-e-type=\"section\" data-settings=\"{&quot;ekit_has_onepagescroll_dot&quot;:&quot;yes&quot;}\">\n\t\t\t\t\t\t<div class=\"elementor-container elementor-column-gap-default\">\n\t\t\t\t\t<div class=\"elementor-column elementor-col-100 elementor-top-column elementor-element elementor-element-5792375\" data-id=\"5792375\" data-element_type=\"column\" data-e-type=\"column\">\n\t\t\t<div class=\"elementor-widget-wrap elementor-element-populated\">\n\t\t\t\t\t\t<div class=\"elementor-element elementor-element-46b94f1 elementor-widget elementor-widget-text-editor\" data-id=\"46b94f1\" data-element_type=\"widget\" data-e-type=\"widget\" data-settings=\"{&quot;ekit_we_effect_on&quot;:&quot;none&quot;}\" data-widget_type=\"text-editor.default\">\n\t\t\t\t<div class=\"elementor-widget-container\">\n\t\t\t\t\t\t\t\t\t<h4>\u00a0<\/h4><h4><strong>\u00a0Pr\u00e9sentation de l&rsquo;\u00c9quipe Preparia<\/strong><\/h4><h4>\u00a0\u00a0 Chez Preparia, nous sommes une \u00e9quipe de passionn\u00e9s de l&rsquo;\u00e9ducation et de la r\u00e9ussite acad\u00e9mique. Nos experts sont des professionnels chevronn\u00e9s, issus de divers domaines acad\u00e9miques et sp\u00e9cialis\u00e9s dans la pr\u00e9paration aux concours. Leur mission est d\u2019accompagner chaque \u00e9tudiant pour atteindre ses objectifs.<\/h4><h4>\u00a0<\/h4><h4><strong>\u00a0Notre Vision<\/strong><\/h4><h4>\u00a0\u00a0 Notre vision est de rendre l&rsquo;\u00e9ducation accessible et efficace pour tous les aspirants aux grandes \u00e9coles. Nous croyons en une approche p\u00e9dagogique innovante qui combine tradition et technologie pour offrir une pr\u00e9paration optimale aux concours d&rsquo;acc\u00e8s. Notre plateforme en ligne est con\u00e7ue pour r\u00e9pondre aux besoins sp\u00e9cifiques de chaque \u00e9tudiant, en offrant une flexibilit\u00e9 et une qualit\u00e9 d&rsquo;enseignement sans compromis.<\/h4><h4>\u00a0<\/h4><h4><strong>\u00a0Nos Formations en Ligne<\/strong><\/h4><h4>\u00a0\u00a0 Preparia propose une gamme compl\u00e8te de formations en ligne, couvrant tous les aspects des concours d&rsquo;acc\u00e8s aux grandes \u00e9coles. Nos modules sont con\u00e7us par des experts p\u00e9dagogiques et incluent des cours, des r\u00e9sum\u00e9s, des quiz et des anciens concours d&rsquo;acc\u00e8s pour pr\u00e9parer les \u00e9tudiants de mani\u00e8re exhaustive. Chaque formation est r\u00e9guli\u00e8rement mise \u00e0 jour pour refl\u00e9ter les derni\u00e8res \u00e9volutions des concours.<\/h4><h4>\u00a0<\/h4><h4><strong>\u00a0Engagement et Valeurs<\/strong><\/h4><h4>\u00a0 \u00a0Chez Preparia, nous sommes guid\u00e9s par des valeurs d&rsquo;excellence, d&rsquo;int\u00e9grit\u00e9 et d&rsquo;innovation. Nous nous engageons \u00e0 fournir des formations de haute qualit\u00e9, accessibles \u00e0 tous, et \u00e0 accompagner chaque \u00e9tudiant jusqu&rsquo;\u00e0 la r\u00e9ussite de ses concours. Rejoignez-nous et d\u00e9couvrez comment nous pouvons vous aider \u00e0 r\u00e9aliser vos ambitions acad\u00e9miques et professionnelles.<\/h4><div>\u00a0<\/div><div>\u00a0<\/div>\t\t\t\t\t\t\t\t<\/div>\n\t\t\t\t<\/div>\n\t\t\t\t\t<\/div>\n\t\t<\/div>\n\t\t\t\t\t<\/div>\n\t\t<\/section>\n\t\t\t\t<\/div>","protected":false},"excerpt":{"rendered":"<p>Qui sommes-nous? &nbsp; \u00a0 \u00a0Pr\u00e9sentation de l&rsquo;\u00c9quipe Preparia \u00a0\u00a0 Chez Preparia, nous sommes une \u00e9quipe de passionn\u00e9s de l&rsquo;\u00e9ducation et de la r\u00e9ussite acad\u00e9mique. Nos experts sont des professionnels chevronn\u00e9s, issus de divers domaines acad\u00e9miques et sp\u00e9cialis\u00e9s dans la pr\u00e9paration aux concours. Leur mission est d\u2019accompagner chaque \u00e9tudiant pour atteindre ses objectifs. \u00a0 \u00a0Notre Vision&#8230;<\/p>","protected":false},"author":479,"featured_media":0,"parent":0,"menu_order":0,"comment_status":"closed","ping_status":"closed","template":"","meta":{"_acf_changed":false,"_eb_attr":"","inline_featured_image":false,"footnotes":""},"categories":[],"class_list":["post-86135","page","type-page","status-publish","hentry"],"acf":[],"_links":{"self":[{"href":"https:\/\/preparia.ma\/en\/wp-json\/wp\/v2\/pages\/86135","targetHints":{"allow":["GET"]}}],"collection":[{"href":"https:\/\/preparia.ma\/en\/wp-json\/wp\/v2\/pages"}],"about":[{"href":"https:\/\/preparia.ma\/en\/wp-json\/wp\/v2\/types\/page"}],"author":[{"embeddable":true,"href":"https:\/\/preparia.ma\/en\/wp-json\/wp\/v2\/users\/479"}],"replies":[{"embeddable":true,"href":"https:\/\/preparia.ma\/en\/wp-json\/wp\/v2\/comments?post=86135"}],"version-history":[{"count":0,"href":"https:\/\/preparia.ma\/en\/wp-json\/wp\/v2\/pages\/86135\/revisions"}],"wp:attachment":[{"href":"https:\/\/preparia.ma\/en\/wp-json\/wp\/v2\/media?parent=86135"}],"wp:term":[{"taxonomy":"category","embeddable":true,"href":"https:\/\/preparia.ma\/en\/wp-json\/wp\/v2\/categories?post=86135"}],"curies":[{"name":"wp","href":"https:\/\/api.w.org\/{rel}","templated":true}]}}