{"id":80246,"date":"2024-06-12T09:27:37","date_gmt":"2024-06-12T09:27:37","guid":{"rendered":"https:\/\/preparia.ma\/?page_id=80246"},"modified":"2024-12-04T10:01:51","modified_gmt":"2024-12-04T10:01:51","slug":"preinscription","status":"publish","type":"page","link":"https:\/\/preparia.ma\/en\/preinscription\/","title":{"rendered":"preinscription"},"content":{"rendered":"<div data-elementor-type=\"wp-page\" data-elementor-id=\"80246\" class=\"elementor elementor-80246\" data-elementor-post-type=\"page\">\n\t\t\t\t\t\t<section class=\"elementor-section elementor-top-section elementor-element elementor-element-75ff148 elementor-section-boxed elementor-section-height-default elementor-section-height-default\" data-id=\"75ff148\" data-element_type=\"section\" data-e-type=\"section\" data-settings=\"{&quot;ekit_has_onepagescroll_dot&quot;:&quot;yes&quot;}\">\n\t\t\t\t\t\t<div class=\"elementor-container elementor-column-gap-default\">\n\t\t\t\t\t<div class=\"elementor-column elementor-col-100 elementor-top-column elementor-element elementor-element-19fa9c6\" data-id=\"19fa9c6\" data-element_type=\"column\" data-e-type=\"column\">\n\t\t\t<div class=\"elementor-widget-wrap elementor-element-populated\">\n\t\t\t\t\t\t<div class=\"elementor-element elementor-element-b25105d edubin-title-align-center elementor-widget elementor-widget-section-title-addons\" data-id=\"b25105d\" data-element_type=\"widget\" data-e-type=\"widget\" data-settings=\"{&quot;ekit_we_effect_on&quot;:&quot;none&quot;}\" data-widget_type=\"section-title-addons.default\">\n\t\t\t\t<div class=\"elementor-widget-container\">\n\t\t\t\t\t            <div class=\"edubin-section-title edubin-subtitle-position- title-style-one\">\r\n                <h2 class=\"section-title-txt\">Votre Pr\u00e9-inscription a \u00e9t\u00e9 effectu\u00e9 avec succ\u00e8s!<\/h2>            <\/div>\r\n\r\n        \t\t\t\t<\/div>\n\t\t\t\t<\/div>\n\t\t\t\t\t<\/div>\n\t\t<\/div>\n\t\t\t\t\t<\/div>\n\t\t<\/section>\n\t\t\t\t<section class=\"elementor-section elementor-top-section elementor-element elementor-element-591b2a2 elementor-section-full_width elementor-section-height-default elementor-section-height-default\" data-id=\"591b2a2\" data-element_type=\"section\" data-e-type=\"section\" data-settings=\"{&quot;ekit_has_onepagescroll_dot&quot;:&quot;yes&quot;}\">\n\t\t\t\t\t\t<div class=\"elementor-container elementor-column-gap-default\">\n\t\t\t\t\t<div class=\"elementor-column elementor-col-50 elementor-top-column elementor-element elementor-element-3bb97c8\" data-id=\"3bb97c8\" data-element_type=\"column\" data-e-type=\"column\">\n\t\t\t<div class=\"elementor-widget-wrap elementor-element-populated\">\n\t\t\t\t\t\t<div class=\"elementor-element elementor-element-a9c570f elementor-widget elementor-widget-text-editor\" data-id=\"a9c570f\" data-element_type=\"widget\" data-e-type=\"widget\" data-settings=\"{&quot;ekit_we_effect_on&quot;:&quot;none&quot;}\" data-widget_type=\"text-editor.default\">\n\t\t\t\t<div class=\"elementor-widget-container\">\n\t\t\t\t\t\t\t\t\t<p><strong>Cher candidat,<\/strong><\/p><p>Nous vous remercions d&#8217;avoir rempli le formulaire de pr\u00e9-inscription sur notre plateforme preparia.ma. Nous sommes ravis de vous informer que <strong>votre pr\u00e9-inscription a \u00e9t\u00e9 prise en charge avec succ\u00e8s.<\/strong><\/p><p><strong>\u00c0 partir du 18 juin, nous vous contacterons pour finaliser votre inscription. <span style=\"color: #044ab3;\">Nous vous prions de rester attentifs \u00e0 vos emails, vos appels t\u00e9l\u00e9phoniques et messages Whatsapp<\/span><\/strong> pour ne manquer aucune information importante.<\/p><p>Nous vous remercions de votre confiance et sommes impatients de vous accompagner dans votre parcours de pr\u00e9paration des concours.<\/p><p>Cordialement,<\/p><p><strong>L&#8217;\u00e9quipe Preparia<\/strong><\/p>\t\t\t\t\t\t\t\t<\/div>\n\t\t\t\t<\/div>\n\t\t\t\t\t<\/div>\n\t\t<\/div>\n\t\t\t\t<div class=\"elementor-column elementor-col-50 elementor-top-column elementor-element elementor-element-35a9998\" data-id=\"35a9998\" data-element_type=\"column\" data-e-type=\"column\">\n\t\t\t<div class=\"elementor-widget-wrap elementor-element-populated\">\n\t\t\t\t\t\t<div class=\"elementor-element elementor-element-2e661ba elementor-widget elementor-widget-image\" data-id=\"2e661ba\" data-element_type=\"widget\" data-e-type=\"widget\" data-settings=\"{&quot;ekit_we_effect_on&quot;:&quot;none&quot;}\" data-widget_type=\"image.default\">\n\t\t\t\t<div class=\"elementor-widget-container\">\n\t\t\t\t\t\t\t\t\t\t\t\t\t\t\t<img fetchpriority=\"high\" decoding=\"async\" width=\"640\" height=\"917\" src=\"https:\/\/preparia.ma\/wp-content\/uploads\/2024\/12\/affiche-715x1024.webp\" class=\"attachment-large size-large wp-image-96281\" alt=\"\" srcset=\"https:\/\/preparia.ma\/wp-content\/uploads\/2024\/12\/affiche-715x1024.webp 715w, https:\/\/preparia.ma\/wp-content\/uploads\/2024\/12\/affiche-209x300.webp 209w, https:\/\/preparia.ma\/wp-content\/uploads\/2024\/12\/affiche-768x1100.webp 768w, https:\/\/preparia.ma\/wp-content\/uploads\/2024\/12\/affiche-1072x1536.webp 1072w, https:\/\/preparia.ma\/wp-content\/uploads\/2024\/12\/affiche-8x12.webp 8w, https:\/\/preparia.ma\/wp-content\/uploads\/2024\/12\/affiche-60x86.webp 60w, https:\/\/preparia.ma\/wp-content\/uploads\/2024\/12\/affiche-110x158.webp 110w, https:\/\/preparia.ma\/wp-content\/uploads\/2024\/12\/affiche-300x430.webp 300w, https:\/\/preparia.ma\/wp-content\/uploads\/2024\/12\/affiche-600x859.webp 600w, https:\/\/preparia.ma\/wp-content\/uploads\/2024\/12\/affiche.webp 1080w\" sizes=\"(max-width: 640px) 100vw, 640px\" \/>\t\t\t\t\t\t\t\t\t\t\t\t\t\t\t<\/div>\n\t\t\t\t<\/div>\n\t\t\t\t\t<\/div>\n\t\t<\/div>\n\t\t\t\t\t<\/div>\n\t\t<\/section>\n\t\t\t\t<\/div>","protected":false},"excerpt":{"rendered":"<p>Votre Pr\u00e9-inscription a \u00e9t\u00e9 effectu\u00e9 avec succ\u00e8s! Cher candidat, Nous vous remercions d&#8217;avoir rempli le formulaire de pr\u00e9-inscription sur notre plateforme preparia.ma. Nous sommes ravis de vous informer que votre pr\u00e9-inscription a \u00e9t\u00e9 prise en charge avec succ\u00e8s. \u00c0 partir du 18 juin, nous vous contacterons pour finaliser votre inscription. Nous vous prions de rester&#8230;<\/p>","protected":false},"author":479,"featured_media":0,"parent":0,"menu_order":0,"comment_status":"closed","ping_status":"closed","template":"","meta":{"_acf_changed":false,"_eb_attr":"","inline_featured_image":false,"footnotes":""},"categories":[],"class_list":["post-80246","page","type-page","status-publish","hentry"],"acf":[],"_links":{"self":[{"href":"https:\/\/preparia.ma\/en\/wp-json\/wp\/v2\/pages\/80246","targetHints":{"allow":["GET"]}}],"collection":[{"href":"https:\/\/preparia.ma\/en\/wp-json\/wp\/v2\/pages"}],"about":[{"href":"https:\/\/preparia.ma\/en\/wp-json\/wp\/v2\/types\/page"}],"author":[{"embeddable":true,"href":"https:\/\/preparia.ma\/en\/wp-json\/wp\/v2\/users\/479"}],"replies":[{"embeddable":true,"href":"https:\/\/preparia.ma\/en\/wp-json\/wp\/v2\/comments?post=80246"}],"version-history":[{"count":0,"href":"https:\/\/preparia.ma\/en\/wp-json\/wp\/v2\/pages\/80246\/revisions"}],"wp:attachment":[{"href":"https:\/\/preparia.ma\/en\/wp-json\/wp\/v2\/media?parent=80246"}],"wp:term":[{"taxonomy":"category","embeddable":true,"href":"https:\/\/preparia.ma\/en\/wp-json\/wp\/v2\/categories?post=80246"}],"curies":[{"name":"wp","href":"https:\/\/api.w.org\/{rel}","templated":true}]}}