{"id":79816,"date":"2024-06-11T17:34:08","date_gmt":"2024-06-11T17:34:08","guid":{"rendered":"https:\/\/preparia.ma\/?page_id=79816"},"modified":"2025-04-23T12:24:23","modified_gmt":"2025-04-23T12:24:23","slug":"inscription","status":"publish","type":"page","link":"https:\/\/preparia.ma\/en\/inscription\/","title":{"rendered":"Inscription"},"content":{"rendered":"\t\t<div data-elementor-type=\"wp-page\" data-elementor-id=\"79816\" class=\"elementor elementor-79816\" data-elementor-post-type=\"page\">\n\t\t\t\t\t\t<section class=\"elementor-section elementor-top-section elementor-element elementor-element-bfb52b8 elementor-section-boxed elementor-section-height-default elementor-section-height-default\" data-id=\"bfb52b8\" data-element_type=\"section\" data-e-type=\"section\" data-settings=\"{&quot;ekit_has_onepagescroll_dot&quot;:&quot;yes&quot;}\">\n\t\t\t\t\t\t<div class=\"elementor-container elementor-column-gap-default\">\n\t\t\t\t\t<div class=\"elementor-column elementor-col-100 elementor-top-column elementor-element elementor-element-efdd246\" data-id=\"efdd246\" data-element_type=\"column\" data-e-type=\"column\">\n\t\t\t<div class=\"elementor-widget-wrap elementor-element-populated\">\n\t\t\t\t\t\t<div class=\"elementor-element elementor-element-a1a9ff1 edubin-title-align-center elementor-widget elementor-widget-section-title-addons\" data-id=\"a1a9ff1\" data-element_type=\"widget\" data-e-type=\"widget\" data-settings=\"{&quot;ekit_we_effect_on&quot;:&quot;none&quot;}\" data-widget_type=\"section-title-addons.default\">\n\t\t\t\t<div class=\"elementor-widget-container\">\n\t\t\t\t\t            <div class=\"edubin-section-title edubin-subtitle-position- title-style-one\">\r\n                <h2 class=\"section-title-txt\">Formulaire de pr\u00e9-inscription<\/h2>            <\/div>\r\n\r\n        \t\t\t\t<\/div>\n\t\t\t\t<\/div>\n\t\t\t\t\t<\/div>\n\t\t<\/div>\n\t\t\t\t\t<\/div>\n\t\t<\/section>\n\t\t\t\t<section class=\"elementor-section elementor-top-section elementor-element elementor-element-eb2d77d elementor-section-full_width elementor-section-height-default elementor-section-height-default\" data-id=\"eb2d77d\" data-element_type=\"section\" data-e-type=\"section\" data-settings=\"{&quot;ekit_has_onepagescroll_dot&quot;:&quot;yes&quot;}\">\n\t\t\t\t\t\t<div class=\"elementor-container elementor-column-gap-default\">\n\t\t\t\t\t<div class=\"elementor-column elementor-col-50 elementor-top-column elementor-element elementor-element-6d36abd\" data-id=\"6d36abd\" data-element_type=\"column\" data-e-type=\"column\">\n\t\t\t<div class=\"elementor-widget-wrap elementor-element-populated\">\n\t\t\t\t\t\t<div class=\"elementor-element elementor-element-e2a4f60 elementor-button-align-stretch elementor-widget elementor-widget-form\" data-id=\"e2a4f60\" data-element_type=\"widget\" data-e-type=\"widget\" data-settings=\"{&quot;step_next_label&quot;:&quot;Next&quot;,&quot;step_previous_label&quot;:&quot;Previous&quot;,&quot;button_width&quot;:&quot;100&quot;,&quot;step_type&quot;:&quot;number_text&quot;,&quot;step_icon_shape&quot;:&quot;circle&quot;,&quot;ekit_we_effect_on&quot;:&quot;none&quot;}\" data-widget_type=\"form.default\">\n\t\t\t\t<div class=\"elementor-widget-container\">\n\t\t\t\t\t\t\t<form class=\"elementor-form\" method=\"post\" name=\"New Form\" aria-label=\"New Form\">\n\t\t\t<input type=\"hidden\" name=\"post_id\" value=\"79816\"\/>\n\t\t\t<input type=\"hidden\" name=\"form_id\" value=\"e2a4f60\"\/>\n\t\t\t<input type=\"hidden\" name=\"referer_title\" value=\"Inscription\" \/>\n\n\t\t\t\t\t\t\t<input type=\"hidden\" name=\"queried_id\" value=\"79816\"\/>\n\t\t\t\n\t\t\t<div class=\"elementor-form-fields-wrapper elementor-labels-above\">\n\t\t\t\t\t\t\t\t<div class=\"elementor-field-type-text elementor-field-group elementor-column elementor-field-group-name elementor-col-100 elementor-field-required\">\n\t\t\t\t\t\t\t\t\t\t\t\t<label for=\"form-field-name\" class=\"elementor-field-label\">\n\t\t\t\t\t\t\t\tNom et pr\u00e9nom :\t\t\t\t\t\t\t<\/label>\n\t\t\t\t\t\t\t\t\t\t\t\t\t\t<input size=\"1\" type=\"text\" name=\"form_fields[name]\" id=\"form-field-name\" class=\"elementor-field elementor-size-sm  elementor-field-textual\" required=\"required\">\n\t\t\t\t\t\t\t\t\t\t\t<\/div>\n\t\t\t\t\t\t\t\t<div class=\"elementor-field-type-text elementor-field-group elementor-column elementor-field-group-field_e8cd4c0 elementor-col-100 elementor-field-required\">\n\t\t\t\t\t\t\t\t\t\t\t\t<label for=\"form-field-field_e8cd4c0\" class=\"elementor-field-label\">\n\t\t\t\t\t\t\t\tT\u00e9l\u00e9phone :\t\t\t\t\t\t\t<\/label>\n\t\t\t\t\t\t\t\t\t\t\t\t\t\t<input size=\"1\" type=\"text\" name=\"form_fields[field_e8cd4c0]\" id=\"form-field-field_e8cd4c0\" class=\"elementor-field elementor-size-sm  elementor-field-textual\" required=\"required\">\n\t\t\t\t\t\t\t\t\t\t\t<\/div>\n\t\t\t\t\t\t\t\t<div class=\"elementor-field-type-text elementor-field-group elementor-column elementor-field-group-field_24e95ba elementor-col-100 elementor-field-required\">\n\t\t\t\t\t\t\t\t\t\t\t\t<label for=\"form-field-field_24e95ba\" class=\"elementor-field-label\">\n\t\t\t\t\t\t\t\tT\u00e9l\u00e9phone du Tuteur (P\u00e8re\/M\u00e8re) :\t\t\t\t\t\t\t<\/label>\n\t\t\t\t\t\t\t\t\t\t\t\t\t\t<input size=\"1\" type=\"text\" name=\"form_fields[field_24e95ba]\" id=\"form-field-field_24e95ba\" class=\"elementor-field elementor-size-sm  elementor-field-textual\" required=\"required\">\n\t\t\t\t\t\t\t\t\t\t\t<\/div>\n\t\t\t\t\t\t\t\t<div class=\"elementor-field-type-email elementor-field-group elementor-column elementor-field-group-email elementor-col-100 elementor-field-required\">\n\t\t\t\t\t\t\t\t\t\t\t\t<label for=\"form-field-email\" class=\"elementor-field-label\">\n\t\t\t\t\t\t\t\tEmail :\t\t\t\t\t\t\t<\/label>\n\t\t\t\t\t\t\t\t\t\t\t\t\t\t<input size=\"1\" type=\"email\" name=\"form_fields[email]\" id=\"form-field-email\" class=\"elementor-field elementor-size-sm  elementor-field-textual\" required=\"required\">\n\t\t\t\t\t\t\t\t\t\t\t<\/div>\n\t\t\t\t\t\t\t\t<div class=\"elementor-field-type-select elementor-field-group elementor-column elementor-field-group-field_a55dde0 elementor-col-100 elementor-field-required\">\n\t\t\t\t\t\t\t\t\t\t\t\t<label for=\"form-field-field_a55dde0\" class=\"elementor-field-label\">\n\t\t\t\t\t\t\t\tType de Baccalaur\u00e9at :\t\t\t\t\t\t\t<\/label>\n\t\t\t\t\t\t\t\t<div class=\"elementor-field elementor-select-wrapper remove-before \">\n\t\t\t<div class=\"select-caret-down-wrapper\">\n\t\t\t\t<i aria-hidden=\"true\" class=\"eicon-caret-down\"><\/i>\t\t\t<\/div>\n\t\t\t<select name=\"form_fields[field_a55dde0]\" id=\"form-field-field_a55dde0\" class=\"elementor-field-textual elementor-size-sm\" required=\"required\">\n\t\t\t\t\t\t\t\t\t<option value=\"Baccalaur\u00e9at National (En Arabe)\">Baccalaur\u00e9at National (En Arabe)<\/option>\n\t\t\t\t\t\t\t\t\t<option value=\"Baccalaur\u00e9at International (Option langue Fran\u00e7aise)\">Baccalaur\u00e9at International (Option langue Fran\u00e7aise)<\/option>\n\t\t\t\t\t\t\t\t\t<option value=\"Baccalaur\u00e9at Fran\u00e7ais (Mission)\">Baccalaur\u00e9at Fran\u00e7ais (Mission)<\/option>\n\t\t\t\t\t\t\t<\/select>\n\t\t<\/div>\n\t\t\t\t\t\t<\/div>\n\t\t\t\t\t\t\t\t<div class=\"elementor-field-type-select elementor-field-group elementor-column elementor-field-group-field_fd271a2 elementor-col-100\">\n\t\t\t\t\t\t\t\t\t\t\t\t<label for=\"form-field-field_fd271a2\" class=\"elementor-field-label\">\n\t\t\t\t\t\t\t\tFili\u00e8re du baccalaur\u00e9at :\t\t\t\t\t\t\t<\/label>\n\t\t\t\t\t\t\t\t<div class=\"elementor-field elementor-select-wrapper remove-before \">\n\t\t\t<div class=\"select-caret-down-wrapper\">\n\t\t\t\t<i aria-hidden=\"true\" class=\"eicon-caret-down\"><\/i>\t\t\t<\/div>\n\t\t\t<select name=\"form_fields[field_fd271a2]\" id=\"form-field-field_fd271a2\" class=\"elementor-field-textual elementor-size-sm\">\n\t\t\t\t\t\t\t\t\t<option value=\"Sciences Physiques\">Sciences Physiques<\/option>\n\t\t\t\t\t\t\t\t\t<option value=\"Sciences de la Vie et de la Terre\">Sciences de la Vie et de la Terre<\/option>\n\t\t\t\t\t\t\t\t\t<option value=\"Sciences Math\u00e9matiques A\">Sciences Math\u00e9matiques A<\/option>\n\t\t\t\t\t\t\t\t\t<option value=\"Sciences Math\u00e9matiques B\">Sciences Math\u00e9matiques B<\/option>\n\t\t\t\t\t\t\t\t\t<option value=\"Sciences \u00c9conomiques\">Sciences \u00c9conomiques<\/option>\n\t\t\t\t\t\t\t\t\t<option value=\"Autre\">Autre<\/option>\n\t\t\t\t\t\t\t<\/select>\n\t\t<\/div>\n\t\t\t\t\t\t<\/div>\n\t\t\t\t\t\t\t\t<div class=\"elementor-field-group elementor-column elementor-field-type-submit elementor-col-100 e-form__buttons\">\n\t\t\t\t\t<button class=\"elementor-button elementor-size-sm\" type=\"submit\">\n\t\t\t\t\t\t<span class=\"elementor-button-content-wrapper\">\n\t\t\t\t\t\t\t\t\t\t\t\t\t\t\t\t\t\t\t\t\t\t<span class=\"elementor-button-text\">Envoyer<\/span>\n\t\t\t\t\t\t\t\t\t\t\t\t\t<\/span>\n\t\t\t\t\t<\/button>\n\t\t\t\t<\/div>\n\t\t\t<\/div>\n\t\t<\/form>\n\t\t\t\t\t\t<\/div>\n\t\t\t\t<\/div>\n\t\t\t\t\t<\/div>\n\t\t<\/div>\n\t\t\t\t<div class=\"elementor-column elementor-col-50 elementor-top-column elementor-element elementor-element-9c26e56\" data-id=\"9c26e56\" data-element_type=\"column\" data-e-type=\"column\">\n\t\t\t<div class=\"elementor-widget-wrap elementor-element-populated\">\n\t\t\t\t\t\t<div class=\"elementor-element elementor-element-c82f5d1 elementor-widget elementor-widget-image\" data-id=\"c82f5d1\" data-element_type=\"widget\" data-e-type=\"widget\" data-settings=\"{&quot;ekit_we_effect_on&quot;:&quot;none&quot;}\" data-widget_type=\"image.default\">\n\t\t\t\t<div class=\"elementor-widget-container\">\n\t\t\t\t\t\t\t\t\t\t\t\t\t\t\t<img fetchpriority=\"high\" decoding=\"async\" width=\"640\" height=\"917\" src=\"https:\/\/preparia.ma\/wp-content\/uploads\/2025\/04\/preparia-715x1024.webp\" class=\"attachment-large size-large wp-image-116401\" alt=\"\" srcset=\"https:\/\/preparia.ma\/wp-content\/uploads\/2025\/04\/preparia-715x1024.webp 715w, https:\/\/preparia.ma\/wp-content\/uploads\/2025\/04\/preparia-209x300.webp 209w, https:\/\/preparia.ma\/wp-content\/uploads\/2025\/04\/preparia-768x1100.webp 768w, https:\/\/preparia.ma\/wp-content\/uploads\/2025\/04\/preparia-1072x1536.webp 1072w, https:\/\/preparia.ma\/wp-content\/uploads\/2025\/04\/preparia-8x12.webp 8w, https:\/\/preparia.ma\/wp-content\/uploads\/2025\/04\/preparia-60x86.webp 60w, https:\/\/preparia.ma\/wp-content\/uploads\/2025\/04\/preparia-110x158.webp 110w, https:\/\/preparia.ma\/wp-content\/uploads\/2025\/04\/preparia-300x430.webp 300w, https:\/\/preparia.ma\/wp-content\/uploads\/2025\/04\/preparia-600x859.webp 600w, https:\/\/preparia.ma\/wp-content\/uploads\/2025\/04\/preparia.webp 1080w\" sizes=\"(max-width: 640px) 100vw, 640px\" \/>\t\t\t\t\t\t\t\t\t\t\t\t\t\t\t<\/div>\n\t\t\t\t<\/div>\n\t\t\t\t\t<\/div>\n\t\t<\/div>\n\t\t\t\t\t<\/div>\n\t\t<\/section>\n\t\t\t\t<\/div>\n\t\t","protected":false},"excerpt":{"rendered":"<p>Formulaire de pr\u00e9-inscription<\/p>","protected":false},"author":479,"featured_media":0,"parent":0,"menu_order":0,"comment_status":"closed","ping_status":"closed","template":"","meta":{"_acf_changed":false,"_eb_attr":"","inline_featured_image":false,"footnotes":""},"categories":[],"class_list":["post-79816","page","type-page","status-publish","hentry"],"acf":[],"_links":{"self":[{"href":"https:\/\/preparia.ma\/en\/wp-json\/wp\/v2\/pages\/79816","targetHints":{"allow":["GET"]}}],"collection":[{"href":"https:\/\/preparia.ma\/en\/wp-json\/wp\/v2\/pages"}],"about":[{"href":"https:\/\/preparia.ma\/en\/wp-json\/wp\/v2\/types\/page"}],"author":[{"embeddable":true,"href":"https:\/\/preparia.ma\/en\/wp-json\/wp\/v2\/users\/479"}],"replies":[{"embeddable":true,"href":"https:\/\/preparia.ma\/en\/wp-json\/wp\/v2\/comments?post=79816"}],"version-history":[{"count":1,"href":"https:\/\/preparia.ma\/en\/wp-json\/wp\/v2\/pages\/79816\/revisions"}],"predecessor-version":[{"id":152482,"href":"https:\/\/preparia.ma\/en\/wp-json\/wp\/v2\/pages\/79816\/revisions\/152482"}],"wp:attachment":[{"href":"https:\/\/preparia.ma\/en\/wp-json\/wp\/v2\/media?parent=79816"}],"wp:term":[{"taxonomy":"category","embeddable":true,"href":"https:\/\/preparia.ma\/en\/wp-json\/wp\/v2\/categories?post=79816"}],"curies":[{"name":"wp","href":"https:\/\/api.w.org\/{rel}","templated":true}]}}