{"id":74162,"date":"2024-05-23T11:02:49","date_gmt":"2024-05-23T11:02:49","guid":{"rendered":"https:\/\/preparia.ma\/?page_id=74162"},"modified":"2024-05-29T14:57:06","modified_gmt":"2024-05-29T14:57:06","slug":"conditions-generales-de-vente","status":"publish","type":"page","link":"https:\/\/preparia.ma\/en\/conditions-generales-de-vente\/","title":{"rendered":"Conditions\u00a0g\u00e9n\u00e9rales de\u00a0vente"},"content":{"rendered":"<div data-elementor-type=\"wp-page\" data-elementor-id=\"74162\" class=\"elementor elementor-74162\" data-elementor-post-type=\"page\">\n\t\t\t\t\t\t<section class=\"elementor-section elementor-top-section elementor-element elementor-element-28f33e20 elementor-section-boxed elementor-section-height-default elementor-section-height-default\" data-id=\"28f33e20\" data-element_type=\"section\" data-e-type=\"section\" data-settings=\"{&quot;ekit_has_onepagescroll_dot&quot;:&quot;yes&quot;}\">\n\t\t\t\t\t\t<div class=\"elementor-container elementor-column-gap-default\">\n\t\t\t\t\t<div class=\"elementor-column elementor-col-100 elementor-top-column elementor-element elementor-element-1e15e070\" data-id=\"1e15e070\" data-element_type=\"column\" data-e-type=\"column\">\n\t\t\t<div class=\"elementor-widget-wrap elementor-element-populated\">\n\t\t\t\t\t\t<div class=\"elementor-element elementor-element-7485c6de elementor-widget elementor-widget-text-editor\" data-id=\"7485c6de\" data-element_type=\"widget\" data-e-type=\"widget\" data-settings=\"{&quot;ekit_we_effect_on&quot;:&quot;none&quot;}\" data-widget_type=\"text-editor.default\">\n\t\t\t\t<div class=\"elementor-widget-container\">\n\t\t\t\t\t\t\t\t\t<p><\/p>\n<h2>Conditions&nbsp;g\u00e9n\u00e9rales de&nbsp;vente<\/h2>\n<p>Bienvenue sur Preparia.ma. Ces termes et conditions d\u00e9crivent les r\u00e8gles et r\u00e8glements pour l&rsquo;utilisation de notre site web et de nos services.<\/p>\n<p><\/p>\n<p><strong>1. Introduction<\/strong><\/p>\n<p><\/p>\n<p>En acc\u00e9dant \u00e0 ce site Web, nous supposons que vous acceptez ces termes et conditions dans leur int\u00e9gralit\u00e9. Ne continuez pas \u00e0 utiliser Preparia.ma si vous n&rsquo;acceptez pas tous les termes et conditions \u00e9nonc\u00e9s sur cette page.<\/p>\n<p><\/p>\n<p><strong>2. Paiement<\/strong><\/p>\n<p><\/p>\n<ul class=\"wp-block-list\"><p><\/p>\n<li>Toutes les transactions doivent \u00eatre effectu\u00e9es via les modes de paiement propos\u00e9s sur le site.<\/li>\n<p><\/p>\n<li>Nous acceptons les paiements par carte de cr\u00e9dit, et tout autre mode de paiement mentionn\u00e9 sur notre page de paiement.<\/li>\n<p><\/p>\n<li>Les paiements doivent \u00eatre effectu\u00e9s en Dirhams marocains (MAD).<\/li>\n<p><\/p><\/ul>\n<p><\/p>\n<p><strong>3. Commandes et Confirmation<\/strong><\/p>\n<p><\/p>\n<ul class=\"wp-block-list\"><p><\/p>\n<li>Apr\u00e8s avoir pass\u00e9 une commande, vous recevrez un e-mail de confirmation de notre part.<\/li>\n<p><\/p>\n<li>Nous nous r\u00e9servons le droit de refuser ou d&rsquo;annuler toute commande pour des raisons incluant, mais sans s&rsquo;y limiter, la disponibilit\u00e9 des produits ou des services, des erreurs dans la description ou le prix du produit ou du service, ou pour toute autre raison.<\/li>\n<p><\/p><\/ul>\n<p><\/p>\n<p><strong>4. Livraison et Acc\u00e8s aux Services<\/strong><\/p>\n<p><\/p>\n<ul class=\"wp-block-list\"><p><\/p>\n<li>Les services pr\u00e9paratoires aux concours seront accessibles en ligne apr\u00e8s confirmation du paiement.<\/li>\n<p><\/p>\n<li>Vous recevrez un acc\u00e8s aux cours et aux mat\u00e9riels p\u00e9dagogiques via votre compte utilisateur sur Preparia.ma.<\/li>\n<p><\/p><\/ul>\n<p><\/p>\n<p><strong>5. Politique de Remboursement<\/strong><\/p>\n<p><\/p>\n<ul class=\"wp-block-list\"><p><\/p>\n<li>Les remboursements sont accord\u00e9s \u00e0 la discr\u00e9tion de Preparia.ma.<\/li>\n<p><\/p>\n<li>Si vous n&rsquo;\u00eates pas satisfait de nos services, veuillez nous contacter dans les 3 jours suivant l&rsquo;achat pour discuter des options de remboursement.<\/li>\n<p><\/p><\/ul>\n<p><\/p>\n<p><strong>6. Propri\u00e9t\u00e9 Intellectuelle<\/strong><\/p>\n<p><\/p>\n<ul class=\"wp-block-list\"><p><\/p>\n<li>Tous les contenus et mat\u00e9riels disponibles sur Preparia.ma, y compris, sans s&rsquo;y limiter, les textes, graphiques, logos, images, vid\u00e9os, sont la propri\u00e9t\u00e9 de Preparia.ma et sont prot\u00e9g\u00e9s par les lois sur le droit d&rsquo;auteur et les marques d\u00e9pos\u00e9es.<\/li>\n<p><\/p>\n<li>Vous ne pouvez pas reproduire, distribuer ou cr\u00e9er des \u0153uvres d\u00e9riv\u00e9es de ces contenus sans notre autorisation \u00e9crite pr\u00e9alable.<\/li>\n<p><\/p><\/ul>\n<p><\/p>\n<p><strong>7. Responsabilit\u00e9<\/strong><\/p>\n<p><\/p>\n<ul class=\"wp-block-list\"><p><\/p>\n<li>Preparia.ma ne sera pas tenu responsable des dommages directs, indirects, accessoires, sp\u00e9ciaux ou cons\u00e9cutifs qui r\u00e9sultent de l&rsquo;utilisation ou de l&rsquo;incapacit\u00e9 \u00e0 utiliser nos services.<\/li>\n<p><\/p>\n<li>Nous ne garantissons pas que notre site sera ininterrompu, exempt d&rsquo;erreurs ou s\u00e9curis\u00e9.<\/li>\n<p><\/p><\/ul>\n<p><\/p>\n<p><strong>8. Modification des Conditions<\/strong><\/p>\n<p><\/p>\n<ul class=\"wp-block-list\"><p><\/p>\n<li>Nous nous r\u00e9servons le droit de modifier ces termes et conditions \u00e0 tout moment. Les modifications seront publi\u00e9es sur cette page.<\/li>\n<p><\/p>\n<li>En continuant \u00e0 utiliser le site apr\u00e8s la publication des modifications, vous acceptez d&rsquo;\u00eatre li\u00e9 par les conditions mises \u00e0 jour.<\/li>\n<p><\/p><\/ul>\n<p><\/p>\n<p><strong>9. Contact<\/strong><\/p>\n<p><\/p>\n<p>Pour toute question concernant ces conditions de vente, veuillez nous contacter \u00e0 l&rsquo;adresse suivante : contact@preparia.ma<\/p>\n<p><\/p>\t\t\t\t\t\t\t\t<\/div>\n\t\t\t\t<\/div>\n\t\t\t\t\t<\/div>\n\t\t<\/div>\n\t\t\t\t\t<\/div>\n\t\t<\/section>\n\t\t\t\t<\/div>","protected":false},"excerpt":{"rendered":"<p>Conditions&nbsp;g\u00e9n\u00e9rales de&nbsp;vente Bienvenue sur Preparia.ma. Ces termes et conditions d\u00e9crivent les r\u00e8gles et r\u00e8glements pour l&rsquo;utilisation de notre site web et de nos services. 1. Introduction En acc\u00e9dant \u00e0 ce site Web, nous supposons que vous acceptez ces termes et conditions dans leur int\u00e9gralit\u00e9. Ne continuez pas \u00e0 utiliser Preparia.ma si vous n&rsquo;acceptez pas tous&#8230;<\/p>","protected":false},"author":479,"featured_media":0,"parent":0,"menu_order":0,"comment_status":"closed","ping_status":"closed","template":"","meta":{"_acf_changed":false,"_eb_attr":"","inline_featured_image":false,"footnotes":""},"categories":[],"class_list":["post-74162","page","type-page","status-publish","hentry"],"acf":[],"_links":{"self":[{"href":"https:\/\/preparia.ma\/en\/wp-json\/wp\/v2\/pages\/74162","targetHints":{"allow":["GET"]}}],"collection":[{"href":"https:\/\/preparia.ma\/en\/wp-json\/wp\/v2\/pages"}],"about":[{"href":"https:\/\/preparia.ma\/en\/wp-json\/wp\/v2\/types\/page"}],"author":[{"embeddable":true,"href":"https:\/\/preparia.ma\/en\/wp-json\/wp\/v2\/users\/479"}],"replies":[{"embeddable":true,"href":"https:\/\/preparia.ma\/en\/wp-json\/wp\/v2\/comments?post=74162"}],"version-history":[{"count":0,"href":"https:\/\/preparia.ma\/en\/wp-json\/wp\/v2\/pages\/74162\/revisions"}],"wp:attachment":[{"href":"https:\/\/preparia.ma\/en\/wp-json\/wp\/v2\/media?parent=74162"}],"wp:term":[{"taxonomy":"category","embeddable":true,"href":"https:\/\/preparia.ma\/en\/wp-json\/wp\/v2\/categories?post=74162"}],"curies":[{"name":"wp","href":"https:\/\/api.w.org\/{rel}","templated":true}]}}