{"id":52106,"date":"2023-07-27T14:10:18","date_gmt":"2023-07-27T14:10:18","guid":{"rendered":"https:\/\/preparia.ma\/?page_id=52106"},"modified":"2023-07-28T14:59:31","modified_gmt":"2023-07-28T14:59:31","slug":"templates-elementor","status":"publish","type":"page","link":"https:\/\/preparia.ma\/en\/templates-elementor\/","title":{"rendered":"templates Elementor"},"content":{"rendered":"<div data-elementor-type=\"wp-page\" data-elementor-id=\"52106\" class=\"elementor elementor-52106\" data-elementor-post-type=\"page\">\n\t\t\t\t\t\t<section class=\"elementor-section elementor-top-section elementor-element elementor-element-646f6d7 elementor-section-boxed elementor-section-height-default elementor-section-height-default\" data-id=\"646f6d7\" data-element_type=\"section\" data-e-type=\"section\" data-settings=\"{&quot;ekit_has_onepagescroll_dot&quot;:&quot;yes&quot;}\">\n\t\t\t\t\t\t<div class=\"elementor-container elementor-column-gap-default\">\n\t\t\t\t\t<div class=\"elementor-column elementor-col-100 elementor-top-column elementor-element elementor-element-e628a55\" data-id=\"e628a55\" data-element_type=\"column\" data-e-type=\"column\">\n\t\t\t<div class=\"elementor-widget-wrap\">\n\t\t\t\t\t\t\t<\/div>\n\t\t<\/div>\n\t\t\t\t\t<\/div>\n\t\t<\/section>\n\t\t\t\t<section class=\"elementor-section elementor-top-section elementor-element elementor-element-063a91e elementor-section-boxed elementor-section-height-default elementor-section-height-default\" data-id=\"063a91e\" data-element_type=\"section\" data-e-type=\"section\" data-settings=\"{&quot;ekit_has_onepagescroll_dot&quot;:&quot;yes&quot;}\">\n\t\t\t\t\t\t<div class=\"elementor-container elementor-column-gap-default\">\n\t\t\t\t\t<div class=\"elementor-column elementor-col-100 elementor-top-column elementor-element elementor-element-ee4743f\" data-id=\"ee4743f\" data-element_type=\"column\" data-e-type=\"column\">\n\t\t\t<div class=\"elementor-widget-wrap\">\n\t\t\t\t\t\t\t<\/div>\n\t\t<\/div>\n\t\t\t\t\t<\/div>\n\t\t<\/section>\n\t\t\t\t<\/div>","protected":false},"excerpt":{"rendered":"<p>No Courses Found! COURS DE MATHS AU TCL-1 sem- 0% Termin\u00e9 Derni\u00e8re activit\u00e9 le juillet 18, 2023 10:51 Physique &#8211; Chimie 1 Semestre TCS 0% Termin\u00e9 Derni\u00e8re activit\u00e9 le juin 22, 2023 2:46 TCS Math\u00e9matiques Fr Sem 1 0% Termin\u00e9 Derni\u00e8re activit\u00e9 le juin 22, 2023 5:42 TC FR S1 0% Termin\u00e9 Derni\u00e8re activit\u00e9 le&#8230;<\/p>","protected":false},"author":479,"featured_media":0,"parent":0,"menu_order":0,"comment_status":"closed","ping_status":"closed","template":"","meta":{"_acf_changed":false,"_eb_attr":"","inline_featured_image":false,"footnotes":""},"categories":[],"class_list":["post-52106","page","type-page","status-publish","hentry"],"acf":[],"_links":{"self":[{"href":"https:\/\/preparia.ma\/en\/wp-json\/wp\/v2\/pages\/52106","targetHints":{"allow":["GET"]}}],"collection":[{"href":"https:\/\/preparia.ma\/en\/wp-json\/wp\/v2\/pages"}],"about":[{"href":"https:\/\/preparia.ma\/en\/wp-json\/wp\/v2\/types\/page"}],"author":[{"embeddable":true,"href":"https:\/\/preparia.ma\/en\/wp-json\/wp\/v2\/users\/479"}],"replies":[{"embeddable":true,"href":"https:\/\/preparia.ma\/en\/wp-json\/wp\/v2\/comments?post=52106"}],"version-history":[{"count":0,"href":"https:\/\/preparia.ma\/en\/wp-json\/wp\/v2\/pages\/52106\/revisions"}],"wp:attachment":[{"href":"https:\/\/preparia.ma\/en\/wp-json\/wp\/v2\/media?parent=52106"}],"wp:term":[{"taxonomy":"category","embeddable":true,"href":"https:\/\/preparia.ma\/en\/wp-json\/wp\/v2\/categories?post=52106"}],"curies":[{"name":"wp","href":"https:\/\/api.w.org\/{rel}","templated":true}]}}