{"id":49523,"date":"2023-07-17T12:06:42","date_gmt":"2023-07-17T12:06:42","guid":{"rendered":"https:\/\/preparia.ma\/?page_id=49523"},"modified":"2026-03-31T12:48:21","modified_gmt":"2026-03-31T12:48:21","slug":"enseignement-general","status":"publish","type":"page","link":"https:\/\/preparia.ma\/en\/enseignement-general\/","title":{"rendered":"enseignement general"},"content":{"rendered":"<div data-elementor-type=\"wp-page\" data-elementor-id=\"49523\" class=\"elementor elementor-49523\" data-elementor-post-type=\"page\">\n\t\t\t\t<div class=\"elementor-element elementor-element-41cf854 e-flex e-con-boxed e-con e-parent\" data-id=\"41cf854\" data-element_type=\"container\" data-e-type=\"container\" data-settings=\"{&quot;ekit_has_onepagescroll_dot&quot;:&quot;yes&quot;}\">\n\t\t\t\t\t<div class=\"e-con-inner\">\n\t\t<div class=\"elementor-element elementor-element-a19429e e-con-full e-flex e-con e-child\" data-id=\"a19429e\" data-element_type=\"container\" data-e-type=\"container\" data-settings=\"{&quot;ekit_has_onepagescroll_dot&quot;:&quot;yes&quot;}\">\n\t\t\t\t<div class=\"elementor-element elementor-element-d647d2c elementor-widget elementor-widget-html\" data-id=\"d647d2c\" data-element_type=\"widget\" data-e-type=\"widget\" data-settings=\"{&quot;ekit_we_effect_on&quot;:&quot;none&quot;}\" data-widget_type=\"html.default\">\n\t\t\t\t<div class=\"elementor-widget-container\">\n\t\t\t\t\t<!DOCTYPE html>\r\n<html lang=\"fr\">\r\n<head>\r\n    <meta charset=\"UTF-8\">\r\n    <meta name=\"viewport\" content=\"width=device-width, initial-scale=1.0\">\r\n    <title>Maintenance | Preparia.ma<\/title>\r\n    <style>\r\n        :root {\r\n            \/* Overlay bleu l\u00e9g\u00e8rement plus sombre pour garantir que le texte blanc soit lisible *\/\r\n            --overlay: rgba(0, 51, 102, 0.75); \r\n        }\r\n\r\n        * { margin: 0; padding: 0; box-sizing: border-box; }\r\n\r\n        body, html {\r\n            height: 100%;\r\n            width: 100%;\r\n            font-family: 'Segoe UI', Tahoma, Geneva, Verdana, sans-serif;\r\n            overflow: hidden;\r\n            background-color: #003366; \r\n        }\r\n\r\n        .maintenance-wrapper {\r\n            height: 100vh;\r\n            width: 100%;\r\n            background: linear-gradient(var(--overlay), var(--overlay)), \r\n                        url('https:\/\/www.preparia.ma\/miroir\/UNDER.png'); \r\n            background-size: cover;\r\n            background-position: center;\r\n            display: flex;\r\n            justify-content: center;\r\n            align-items: center;\r\n            text-align: center;\r\n            padding: 20px;\r\n        }\r\n\r\n        .content {\r\n            max-width: 900px;\r\n            animation: fadeIn 1.2s ease-out;\r\n        }\r\n\r\n        @keyframes fadeIn {\r\n            from { opacity: 0; transform: translateY(20px); }\r\n            to { opacity: 1; transform: translateY(0); }\r\n        }\r\n\r\n        \/* FORCE LE TITRE EN BLANC *\/\r\n        h1 {\r\n            font-size: clamp(2.5rem, 8vw, 4.5rem);\r\n            font-weight: 900;\r\n            text-transform: uppercase;\r\n            letter-spacing: -1px;\r\n            line-height: 1.1;\r\n            color: #ffffff !important; \r\n            text-shadow: 3px 3px 20px rgba(0,0,0,0.6);\r\n            margin-bottom: 25px;\r\n        }\r\n\r\n        \/* FORCE LE TEXTE DU PARAGRAPHE EN BLANC *\/\r\n        p {\r\n            font-size: clamp(1.1rem, 2.5vw, 1.6rem);\r\n            font-weight: 400;\r\n            line-height: 1.6;\r\n            color: #ffffff !important; \/* Force le blanc ici aussi *\/\r\n            text-shadow: 1px 1px 10px rgba(0,0,0,0.5);\r\n            max-width: 750px;\r\n            margin: 0 auto;\r\n            opacity: 0.95;\r\n        }\r\n    <\/style>\r\n<\/head>\r\n<body>\r\n\r\n    <div class=\"maintenance-wrapper\">\r\n        <div class=\"content\">\r\n            <h1>Page en cours de mise \u00e0 jour.<\/h1>\r\n            <p>Nous am\u00e9liorons actuellement ce contenu afin de vous proposer une exp\u00e9rience plus claire, plus structur\u00e9e et plus efficace.<\/p>\r\n        <\/div>\r\n    <\/div>\r\n\r\n<\/body>\r\n<\/html>\t\t\t\t<\/div>\n\t\t\t\t<\/div>\n\t\t\t\t<\/div>\n\t\t\t\t\t<\/div>\n\t\t\t\t<\/div>\n\t\t\t\t<\/div>","protected":false},"excerpt":{"rendered":"<p>Maintenance | Preparia.ma Page en cours de mise \u00e0 jour. Nous am\u00e9liorons actuellement ce contenu afin de vous proposer une exp\u00e9rience plus claire, plus structur\u00e9e et plus efficace.<\/p>","protected":false},"author":479,"featured_media":0,"parent":0,"menu_order":0,"comment_status":"closed","ping_status":"closed","template":"elementor_header_footer","meta":{"_acf_changed":false,"_eb_attr":"","inline_featured_image":false,"footnotes":""},"categories":[],"class_list":["post-49523","page","type-page","status-publish","hentry"],"acf":[],"_links":{"self":[{"href":"https:\/\/preparia.ma\/en\/wp-json\/wp\/v2\/pages\/49523","targetHints":{"allow":["GET"]}}],"collection":[{"href":"https:\/\/preparia.ma\/en\/wp-json\/wp\/v2\/pages"}],"about":[{"href":"https:\/\/preparia.ma\/en\/wp-json\/wp\/v2\/types\/page"}],"author":[{"embeddable":true,"href":"https:\/\/preparia.ma\/en\/wp-json\/wp\/v2\/users\/479"}],"replies":[{"embeddable":true,"href":"https:\/\/preparia.ma\/en\/wp-json\/wp\/v2\/comments?post=49523"}],"version-history":[{"count":39,"href":"https:\/\/preparia.ma\/en\/wp-json\/wp\/v2\/pages\/49523\/revisions"}],"predecessor-version":[{"id":152943,"href":"https:\/\/preparia.ma\/en\/wp-json\/wp\/v2\/pages\/49523\/revisions\/152943"}],"wp:attachment":[{"href":"https:\/\/preparia.ma\/en\/wp-json\/wp\/v2\/media?parent=49523"}],"wp:term":[{"taxonomy":"category","embeddable":true,"href":"https:\/\/preparia.ma\/en\/wp-json\/wp\/v2\/categories?post=49523"}],"curies":[{"name":"wp","href":"https:\/\/api.w.org\/{rel}","templated":true}]}}