{"id":49514,"date":"2023-07-17T12:02:31","date_gmt":"2023-07-17T12:02:31","guid":{"rendered":"https:\/\/preparia.ma\/?page_id=49514"},"modified":"2023-07-23T11:56:40","modified_gmt":"2023-07-23T11:56:40","slug":"ce5","status":"publish","type":"page","link":"https:\/\/preparia.ma\/en\/primaire\/ce5\/","title":{"rendered":"CE5"},"content":{"rendered":"<div data-elementor-type=\"wp-page\" data-elementor-id=\"49514\" class=\"elementor elementor-49514\" data-elementor-post-type=\"page\">\n\t\t\t\t\t\t<section class=\"elementor-section elementor-top-section elementor-element elementor-element-49cc23d elementor-section-full_width elementor-section-height-min-height elementor-section-stretched elementor-section-height-default elementor-section-items-middle\" data-id=\"49cc23d\" data-element_type=\"section\" data-e-type=\"section\" data-settings=\"{&quot;stretch_section&quot;:&quot;section-stretched&quot;,&quot;background_background&quot;:&quot;classic&quot;,&quot;shape_divider_bottom&quot;:&quot;waves&quot;,&quot;ekit_has_onepagescroll_dot&quot;:&quot;yes&quot;}\">\n\t\t\t\t\t\t\t<div class=\"elementor-background-overlay\"><\/div>\n\t\t\t\t\t\t<div class=\"elementor-shape elementor-shape-bottom\" aria-hidden=\"true\" data-negative=\"false\">\n\t\t\t<svg xmlns=\"http:\/\/www.w3.org\/2000\/svg\" viewbox=\"0 0 1000 100\" preserveaspectratio=\"none\">\n\t<path class=\"elementor-shape-fill\" d=\"M421.9,6.5c22.6-2.5,51.5,0.4,75.5,5.3c23.6,4.9,70.9,23.5,100.5,35.7c75.8,32.2,133.7,44.5,192.6,49.7\tc23.6,2.1,48.7,3.5,103.4-2.5c54.7-6,106.2-25.6,106.2-25.6V0H0v30.3c0,0,72,32.6,158.4,30.5c39.2-0.7,92.8-6.7,134-22.4\tc21.2-8.1,52.2-18.2,79.7-24.2C399.3,7.9,411.6,7.5,421.9,6.5z\"\/>\n<\/svg>\t\t<\/div>\n\t\t\t\t\t<div class=\"elementor-container elementor-column-gap-no\">\n\t\t\t\t\t<div class=\"elementor-column elementor-col-50 elementor-top-column elementor-element elementor-element-b9fe265\" data-id=\"b9fe265\" data-element_type=\"column\" data-e-type=\"column\">\n\t\t\t<div class=\"elementor-widget-wrap elementor-element-populated\">\n\t\t\t\t\t\t<div class=\"elementor-element elementor-element-2ce9907 elementor-widget elementor-widget-elementskit-breadcrumb\" data-id=\"2ce9907\" data-element_type=\"widget\" data-e-type=\"widget\" data-settings=\"{&quot;ekit_we_effect_on&quot;:&quot;none&quot;}\" data-widget_type=\"elementskit-breadcrumb.default\">\n\t\t\t\t<div class=\"elementor-widget-container\">\n\t\t\t\t\t<div class=\"ekit-wid-con\" ><ol class=\"ekit-breadcrumb\"><li class=\"ekit_breadcrumbs_start\"><a href=\"https:\/\/preparia.ma\/en\">Home<\/a><\/li><\/ol><\/div>\t\t\t\t<\/div>\n\t\t\t\t<\/div>\n\t\t\t\t<div class=\"elementor-element elementor-element-220d3fa elementor-widget elementor-widget-heading\" data-id=\"220d3fa\" data-element_type=\"widget\" data-e-type=\"widget\" data-settings=\"{&quot;ekit_we_effect_on&quot;:&quot;none&quot;}\" data-widget_type=\"heading.default\">\n\t\t\t\t<div class=\"elementor-widget-container\">\n\t\t\t\t\t<span class=\"elementor-heading-title elementor-size-default\">Le programme scolaire en CE5<\/span>\t\t\t\t<\/div>\n\t\t\t\t<\/div>\n\t\t\t\t<div class=\"elementor-element elementor-element-9e7e020 elementor-widget elementor-widget-heading\" data-id=\"9e7e020\" data-element_type=\"widget\" data-e-type=\"widget\" data-settings=\"{&quot;ekit_we_effect_on&quot;:&quot;none&quot;}\" data-widget_type=\"heading.default\">\n\t\t\t\t<div class=\"elementor-widget-container\">\n\t\t\t\t\t<p class=\"elementor-heading-title elementor-size-default\">Le niveau du primaire \"CE5\" semble \u00eatre une combinaison de deux \u00e9tapes sp\u00e9cifiques du syst\u00e8me \u00e9ducatif, \u00e0 savoir le CE1 (Cours \u00c9l\u00e9mentaire 1) et le CE2 (Cours \u00c9l\u00e9mentaire 2). Cependant, il est essentiel de noter que le terme \"CE5\" n'est pas standard et n'est pas utilis\u00e9 dans tous les syst\u00e8mes \u00e9ducatifs.<\/p>\t\t\t\t<\/div>\n\t\t\t\t<\/div>\n\t\t\t\t\t<\/div>\n\t\t<\/div>\n\t\t\t\t<div class=\"elementor-column elementor-col-50 elementor-top-column elementor-element elementor-element-62269bb\" data-id=\"62269bb\" data-element_type=\"column\" data-e-type=\"column\">\n\t\t\t<div class=\"elementor-widget-wrap elementor-element-populated\">\n\t\t\t\t\t\t<div class=\"elementor-element elementor-element-ec4fba2 elementor-widget elementor-widget-image\" data-id=\"ec4fba2\" data-element_type=\"widget\" data-e-type=\"widget\" data-settings=\"{&quot;ekit_we_effect_on&quot;:&quot;none&quot;}\" data-widget_type=\"image.default\">\n\t\t\t\t<div class=\"elementor-widget-container\">\n\t\t\t\t\t\t\t\t\t\t\t\t\t\t\t<img fetchpriority=\"high\" decoding=\"async\" width=\"640\" height=\"426\" src=\"https:\/\/preparia.ma\/wp-content\/uploads\/2023\/07\/FOYQWhBWQAMls8X-1-1024x682.jpeg\" class=\"attachment-large size-large wp-image-50981\" alt=\"\" srcset=\"https:\/\/preparia.ma\/wp-content\/uploads\/2023\/07\/FOYQWhBWQAMls8X-1-1024x682.jpeg 1024w, https:\/\/preparia.ma\/wp-content\/uploads\/2023\/07\/FOYQWhBWQAMls8X-1-300x200.jpeg 300w, https:\/\/preparia.ma\/wp-content\/uploads\/2023\/07\/FOYQWhBWQAMls8X-1-768x512.jpeg 768w, https:\/\/preparia.ma\/wp-content\/uploads\/2023\/07\/FOYQWhBWQAMls8X-1-1536x1023.jpeg 1536w, https:\/\/preparia.ma\/wp-content\/uploads\/2023\/07\/FOYQWhBWQAMls8X-1-2048x1364.jpeg 2048w, https:\/\/preparia.ma\/wp-content\/uploads\/2023\/07\/FOYQWhBWQAMls8X-1-18x12.jpeg 18w, https:\/\/preparia.ma\/wp-content\/uploads\/2023\/07\/FOYQWhBWQAMls8X-1-scaled.jpeg 1600w\" sizes=\"(max-width: 640px) 100vw, 640px\" \/>\t\t\t\t\t\t\t\t\t\t\t\t\t\t\t<\/div>\n\t\t\t\t<\/div>\n\t\t\t\t\t<\/div>\n\t\t<\/div>\n\t\t\t\t\t<\/div>\n\t\t<\/section>\n\t\t\t\t<section class=\"elementor-section elementor-top-section elementor-element elementor-element-175ca6d elementor-section-boxed elementor-section-height-default elementor-section-height-default\" data-id=\"175ca6d\" data-element_type=\"section\" data-e-type=\"section\" data-settings=\"{&quot;ekit_has_onepagescroll_dot&quot;:&quot;yes&quot;}\">\n\t\t\t\t\t\t<div class=\"elementor-container elementor-column-gap-default\">\n\t\t\t\t\t<div class=\"elementor-column elementor-col-100 elementor-top-column elementor-element elementor-element-2d82f42\" data-id=\"2d82f42\" data-element_type=\"column\" data-e-type=\"column\">\n\t\t\t<div class=\"elementor-widget-wrap\">\n\t\t\t\t\t\t\t<\/div>\n\t\t<\/div>\n\t\t\t\t\t<\/div>\n\t\t<\/section>\n\t\t\t\t<\/div>","protected":false},"excerpt":{"rendered":"<p>Home Le programme scolaire en CE5 Le niveau du primaire \u00ab\u00a0CE5\u00a0\u00bb semble \u00eatre une combinaison de deux \u00e9tapes sp\u00e9cifiques du syst\u00e8me \u00e9ducatif, \u00e0 savoir le CE1 (Cours \u00c9l\u00e9mentaire 1) et le CE2 (Cours \u00c9l\u00e9mentaire 2). Cependant, il est essentiel de noter que le terme \u00ab\u00a0CE5\u00a0\u00bb n&rsquo;est pas standard et n&rsquo;est pas utilis\u00e9 dans tous les&#8230;<\/p>","protected":false},"author":479,"featured_media":0,"parent":47326,"menu_order":0,"comment_status":"closed","ping_status":"closed","template":"elementor_header_footer","meta":{"_acf_changed":false,"_eb_attr":"","inline_featured_image":false,"footnotes":""},"categories":[120,133],"class_list":["post-49514","page","type-page","status-publish","hentry","category-ce5","category-primaire"],"acf":[],"_links":{"self":[{"href":"https:\/\/preparia.ma\/en\/wp-json\/wp\/v2\/pages\/49514","targetHints":{"allow":["GET"]}}],"collection":[{"href":"https:\/\/preparia.ma\/en\/wp-json\/wp\/v2\/pages"}],"about":[{"href":"https:\/\/preparia.ma\/en\/wp-json\/wp\/v2\/types\/page"}],"author":[{"embeddable":true,"href":"https:\/\/preparia.ma\/en\/wp-json\/wp\/v2\/users\/479"}],"replies":[{"embeddable":true,"href":"https:\/\/preparia.ma\/en\/wp-json\/wp\/v2\/comments?post=49514"}],"version-history":[{"count":0,"href":"https:\/\/preparia.ma\/en\/wp-json\/wp\/v2\/pages\/49514\/revisions"}],"up":[{"embeddable":true,"href":"https:\/\/preparia.ma\/en\/wp-json\/wp\/v2\/pages\/47326"}],"wp:attachment":[{"href":"https:\/\/preparia.ma\/en\/wp-json\/wp\/v2\/media?parent=49514"}],"wp:term":[{"taxonomy":"category","embeddable":true,"href":"https:\/\/preparia.ma\/en\/wp-json\/wp\/v2\/categories?post=49514"}],"curies":[{"name":"wp","href":"https:\/\/api.w.org\/{rel}","templated":true}]}}