{"id":49510,"date":"2023-07-17T12:01:53","date_gmt":"2023-07-17T12:01:53","guid":{"rendered":"https:\/\/preparia.ma\/?page_id=49510"},"modified":"2023-07-23T12:04:13","modified_gmt":"2023-07-23T12:04:13","slug":"ce3","status":"publish","type":"page","link":"https:\/\/preparia.ma\/en\/primaire\/ce3\/","title":{"rendered":"CE3"},"content":{"rendered":"<div data-elementor-type=\"wp-page\" data-elementor-id=\"49510\" class=\"elementor elementor-49510\" data-elementor-post-type=\"page\">\n\t\t\t\t\t\t<section class=\"elementor-section elementor-top-section elementor-element elementor-element-c3b1ec2 elementor-section-full_width elementor-section-height-min-height elementor-section-stretched elementor-section-height-default elementor-section-items-middle\" data-id=\"c3b1ec2\" data-element_type=\"section\" data-e-type=\"section\" data-settings=\"{&quot;stretch_section&quot;:&quot;section-stretched&quot;,&quot;background_background&quot;:&quot;classic&quot;,&quot;shape_divider_bottom&quot;:&quot;waves&quot;,&quot;ekit_has_onepagescroll_dot&quot;:&quot;yes&quot;}\">\n\t\t\t\t\t\t\t<div class=\"elementor-background-overlay\"><\/div>\n\t\t\t\t\t\t<div class=\"elementor-shape elementor-shape-bottom\" aria-hidden=\"true\" data-negative=\"false\">\n\t\t\t<svg xmlns=\"http:\/\/www.w3.org\/2000\/svg\" viewbox=\"0 0 1000 100\" preserveaspectratio=\"none\">\n\t<path class=\"elementor-shape-fill\" d=\"M421.9,6.5c22.6-2.5,51.5,0.4,75.5,5.3c23.6,4.9,70.9,23.5,100.5,35.7c75.8,32.2,133.7,44.5,192.6,49.7\tc23.6,2.1,48.7,3.5,103.4-2.5c54.7-6,106.2-25.6,106.2-25.6V0H0v30.3c0,0,72,32.6,158.4,30.5c39.2-0.7,92.8-6.7,134-22.4\tc21.2-8.1,52.2-18.2,79.7-24.2C399.3,7.9,411.6,7.5,421.9,6.5z\"\/>\n<\/svg>\t\t<\/div>\n\t\t\t\t\t<div class=\"elementor-container elementor-column-gap-no\">\n\t\t\t\t\t<div class=\"elementor-column elementor-col-50 elementor-top-column elementor-element elementor-element-7ccf71a\" data-id=\"7ccf71a\" data-element_type=\"column\" data-e-type=\"column\">\n\t\t\t<div class=\"elementor-widget-wrap elementor-element-populated\">\n\t\t\t\t\t\t<div class=\"elementor-element elementor-element-75bc382 elementor-widget elementor-widget-elementskit-breadcrumb\" data-id=\"75bc382\" data-element_type=\"widget\" data-e-type=\"widget\" data-settings=\"{&quot;ekit_we_effect_on&quot;:&quot;none&quot;}\" data-widget_type=\"elementskit-breadcrumb.default\">\n\t\t\t\t<div class=\"elementor-widget-container\">\n\t\t\t\t\t<div class=\"ekit-wid-con\" ><ol class=\"ekit-breadcrumb\"><li class=\"ekit_breadcrumbs_start\"><a href=\"https:\/\/preparia.ma\/en\" data-no-translation=\"\" data-trp-gettext=\"\">Home<\/a><\/li> <li class=\"brd_sep\"><span class=\"separate_icon\"><i class=\"icon icon-right-arrow1\"><\/i><\/span><\/li> <li><a href=\"https:\/\/preparia.ma\/en\/primaire\/\" title=\"Primaire\">Primaire<\/a><\/li> <li class=\"brd_sep\"><span class=\"separate_icon\"><i class=\"icon icon-right-arrow1\"><\/i><\/span><\/li>  <li>CE3<\/li><\/ol><\/div>\t\t\t\t<\/div>\n\t\t\t\t<\/div>\n\t\t\t\t<div class=\"elementor-element elementor-element-053cc37 elementor-widget elementor-widget-heading\" data-id=\"053cc37\" data-element_type=\"widget\" data-e-type=\"widget\" data-settings=\"{&quot;ekit_we_effect_on&quot;:&quot;none&quot;}\" data-widget_type=\"heading.default\">\n\t\t\t\t<div class=\"elementor-widget-container\">\n\t\t\t\t\t<span class=\"elementor-heading-title elementor-size-default\">Le programme scolaire en CE3<\/span>\t\t\t\t<\/div>\n\t\t\t\t<\/div>\n\t\t\t\t<div class=\"elementor-element elementor-element-1a3a66c elementor-widget elementor-widget-heading\" data-id=\"1a3a66c\" data-element_type=\"widget\" data-e-type=\"widget\" data-settings=\"{&quot;ekit_we_effect_on&quot;:&quot;none&quot;}\" data-widget_type=\"heading.default\">\n\t\t\t\t<div class=\"elementor-widget-container\">\n\t\t\t\t\t<p class=\"elementor-heading-title elementor-size-default\">Les premiers pas de l\u2019\u00e9l\u00e8ve dans le Primaire sont consolid\u00e9s en CE3 o\u00f9 les apprentissages fondamentaux du CP continuent d\u2019\u00eatre prioritaires. La pluralit\u00e9 d\u2019activit\u00e9s effectu\u00e9es en classe contribue \u00e0 l\u2019ouverture de l\u2019\u00e9l\u00e8ve \u00e0 son environnement et doit faire l\u2019objet d\u2019un accompagnement soutenu pour l\u2019aider et lui donner confiance en lui.<\/p>\t\t\t\t<\/div>\n\t\t\t\t<\/div>\n\t\t\t\t\t<\/div>\n\t\t<\/div>\n\t\t\t\t<div class=\"elementor-column elementor-col-50 elementor-top-column elementor-element elementor-element-6cda02e\" data-id=\"6cda02e\" data-element_type=\"column\" data-e-type=\"column\">\n\t\t\t<div class=\"elementor-widget-wrap elementor-element-populated\">\n\t\t\t\t\t\t<div class=\"elementor-element elementor-element-861a0de elementor-widget elementor-widget-image\" data-id=\"861a0de\" data-element_type=\"widget\" data-e-type=\"widget\" data-settings=\"{&quot;ekit_we_effect_on&quot;:&quot;none&quot;}\" data-widget_type=\"image.default\">\n\t\t\t\t<div class=\"elementor-widget-container\">\n\t\t\t\t\t\t\t\t\t\t\t\t\t\t\t<img fetchpriority=\"high\" decoding=\"async\" width=\"640\" height=\"426\" src=\"https:\/\/preparia.ma\/wp-content\/uploads\/2023\/07\/FOYQWhBWQAMls8X-1-1024x682.jpeg\" class=\"attachment-large size-large wp-image-50981\" alt=\"\" srcset=\"https:\/\/preparia.ma\/wp-content\/uploads\/2023\/07\/FOYQWhBWQAMls8X-1-1024x682.jpeg 1024w, https:\/\/preparia.ma\/wp-content\/uploads\/2023\/07\/FOYQWhBWQAMls8X-1-300x200.jpeg 300w, https:\/\/preparia.ma\/wp-content\/uploads\/2023\/07\/FOYQWhBWQAMls8X-1-768x512.jpeg 768w, https:\/\/preparia.ma\/wp-content\/uploads\/2023\/07\/FOYQWhBWQAMls8X-1-1536x1023.jpeg 1536w, https:\/\/preparia.ma\/wp-content\/uploads\/2023\/07\/FOYQWhBWQAMls8X-1-2048x1364.jpeg 2048w, https:\/\/preparia.ma\/wp-content\/uploads\/2023\/07\/FOYQWhBWQAMls8X-1-18x12.jpeg 18w, https:\/\/preparia.ma\/wp-content\/uploads\/2023\/07\/FOYQWhBWQAMls8X-1-scaled.jpeg 1600w\" sizes=\"(max-width: 640px) 100vw, 640px\" \/>\t\t\t\t\t\t\t\t\t\t\t\t\t\t\t<\/div>\n\t\t\t\t<\/div>\n\t\t\t\t\t<\/div>\n\t\t<\/div>\n\t\t\t\t\t<\/div>\n\t\t<\/section>\n\t\t\t\t<section class=\"elementor-section elementor-top-section elementor-element elementor-element-d1b1781 elementor-section-boxed elementor-section-height-default elementor-section-height-default\" data-id=\"d1b1781\" data-element_type=\"section\" data-e-type=\"section\" data-settings=\"{&quot;ekit_has_onepagescroll_dot&quot;:&quot;yes&quot;}\">\n\t\t\t\t\t\t<div class=\"elementor-container elementor-column-gap-default\">\n\t\t\t\t\t<div class=\"elementor-column elementor-col-100 elementor-top-column elementor-element elementor-element-6e87e9a\" data-id=\"6e87e9a\" data-element_type=\"column\" data-e-type=\"column\">\n\t\t\t<div class=\"elementor-widget-wrap\">\n\t\t\t\t\t\t\t<\/div>\n\t\t<\/div>\n\t\t\t\t\t<\/div>\n\t\t<\/section>\n\t\t\t\t<\/div>","protected":false},"excerpt":{"rendered":"<p>Home Le programme scolaire en CE3 Les premiers pas de l\u2019\u00e9l\u00e8ve dans le Primaire sont consolid\u00e9s en CE3 o\u00f9 les apprentissages fondamentaux du CP continuent d\u2019\u00eatre prioritaires. La pluralit\u00e9 d\u2019activit\u00e9s effectu\u00e9es en classe contribue \u00e0 l\u2019ouverture de l\u2019\u00e9l\u00e8ve \u00e0 son environnement et doit faire l\u2019objet d\u2019un accompagnement soutenu pour l\u2019aider et lui donner confiance en&#8230;<\/p>","protected":false},"author":479,"featured_media":0,"parent":47326,"menu_order":0,"comment_status":"closed","ping_status":"closed","template":"elementor_header_footer","meta":{"_acf_changed":false,"_eb_attr":"","inline_featured_image":false,"footnotes":""},"categories":[],"class_list":["post-49510","page","type-page","status-publish","hentry"],"acf":[],"_links":{"self":[{"href":"https:\/\/preparia.ma\/en\/wp-json\/wp\/v2\/pages\/49510","targetHints":{"allow":["GET"]}}],"collection":[{"href":"https:\/\/preparia.ma\/en\/wp-json\/wp\/v2\/pages"}],"about":[{"href":"https:\/\/preparia.ma\/en\/wp-json\/wp\/v2\/types\/page"}],"author":[{"embeddable":true,"href":"https:\/\/preparia.ma\/en\/wp-json\/wp\/v2\/users\/479"}],"replies":[{"embeddable":true,"href":"https:\/\/preparia.ma\/en\/wp-json\/wp\/v2\/comments?post=49510"}],"version-history":[{"count":0,"href":"https:\/\/preparia.ma\/en\/wp-json\/wp\/v2\/pages\/49510\/revisions"}],"up":[{"embeddable":true,"href":"https:\/\/preparia.ma\/en\/wp-json\/wp\/v2\/pages\/47326"}],"wp:attachment":[{"href":"https:\/\/preparia.ma\/en\/wp-json\/wp\/v2\/media?parent=49510"}],"wp:term":[{"taxonomy":"category","embeddable":true,"href":"https:\/\/preparia.ma\/en\/wp-json\/wp\/v2\/categories?post=49510"}],"curies":[{"name":"wp","href":"https:\/\/api.w.org\/{rel}","templated":true}]}}