{"id":47793,"date":"2023-07-14T10:16:09","date_gmt":"2023-07-14T10:16:09","guid":{"rendered":"https:\/\/preparia.ma\/?page_id=47793"},"modified":"2023-07-25T01:21:48","modified_gmt":"2023-07-25T01:21:48","slug":"ce1","status":"publish","type":"page","link":"https:\/\/preparia.ma\/en\/primaire\/ce1\/","title":{"rendered":"CE1"},"content":{"rendered":"<div data-elementor-type=\"wp-page\" data-elementor-id=\"47793\" class=\"elementor elementor-47793\" data-elementor-post-type=\"page\">\n\t\t\t\t\t\t<section class=\"elementor-section elementor-top-section elementor-element elementor-element-1f7b29c elementor-section-full_width elementor-section-height-min-height elementor-section-stretched elementor-section-height-default elementor-section-items-middle\" data-id=\"1f7b29c\" data-element_type=\"section\" data-e-type=\"section\" data-settings=\"{&quot;stretch_section&quot;:&quot;section-stretched&quot;,&quot;background_background&quot;:&quot;classic&quot;,&quot;shape_divider_bottom&quot;:&quot;waves&quot;,&quot;ekit_has_onepagescroll_dot&quot;:&quot;yes&quot;}\">\n\t\t\t\t\t\t\t<div class=\"elementor-background-overlay\"><\/div>\n\t\t\t\t\t\t<div class=\"elementor-shape elementor-shape-bottom\" aria-hidden=\"true\" data-negative=\"false\">\n\t\t\t<svg xmlns=\"http:\/\/www.w3.org\/2000\/svg\" viewbox=\"0 0 1000 100\" preserveaspectratio=\"none\">\n\t<path class=\"elementor-shape-fill\" d=\"M421.9,6.5c22.6-2.5,51.5,0.4,75.5,5.3c23.6,4.9,70.9,23.5,100.5,35.7c75.8,32.2,133.7,44.5,192.6,49.7\tc23.6,2.1,48.7,3.5,103.4-2.5c54.7-6,106.2-25.6,106.2-25.6V0H0v30.3c0,0,72,32.6,158.4,30.5c39.2-0.7,92.8-6.7,134-22.4\tc21.2-8.1,52.2-18.2,79.7-24.2C399.3,7.9,411.6,7.5,421.9,6.5z\"\/>\n<\/svg>\t\t<\/div>\n\t\t\t\t\t<div class=\"elementor-container elementor-column-gap-no\">\n\t\t\t\t\t<div class=\"elementor-column elementor-col-50 elementor-top-column elementor-element elementor-element-259f21e\" data-id=\"259f21e\" data-element_type=\"column\" data-e-type=\"column\">\n\t\t\t<div class=\"elementor-widget-wrap elementor-element-populated\">\n\t\t\t\t\t\t<div class=\"elementor-element elementor-element-e256dd3 elementor-widget elementor-widget-elementskit-breadcrumb\" data-id=\"e256dd3\" data-element_type=\"widget\" data-e-type=\"widget\" data-settings=\"{&quot;ekit_we_effect_on&quot;:&quot;none&quot;}\" data-widget_type=\"elementskit-breadcrumb.default\">\n\t\t\t\t<div class=\"elementor-widget-container\">\n\t\t\t\t\t<div class=\"ekit-wid-con\" ><ol class=\"ekit-breadcrumb\"><li class=\"ekit_breadcrumbs_start\"><a href=\"https:\/\/preparia.ma\/en\" data-no-translation=\"\" data-trp-gettext=\"\">Home<\/a><\/li> <li class=\"brd_sep\"><span class=\"separate_icon\"><i class=\"icon icon-right-arrow1\"><\/i><\/span><\/li> <li><a href=\"https:\/\/preparia.ma\/en\/primaire\/\" title=\"Primaire\">Primaire<\/a><\/li> <li class=\"brd_sep\"><span class=\"separate_icon\"><i class=\"icon icon-right-arrow1\"><\/i><\/span><\/li>  <li>CE1<\/li><\/ol><\/div>\t\t\t\t<\/div>\n\t\t\t\t<\/div>\n\t\t\t\t<div class=\"elementor-element elementor-element-6d9da3d elementor-widget elementor-widget-heading\" data-id=\"6d9da3d\" data-element_type=\"widget\" data-e-type=\"widget\" data-settings=\"{&quot;ekit_we_effect_on&quot;:&quot;none&quot;}\" data-widget_type=\"heading.default\">\n\t\t\t\t<div class=\"elementor-widget-container\">\n\t\t\t\t\t<span class=\"elementor-heading-title elementor-size-default\">Le programme scolaire en CE1<\/span>\t\t\t\t<\/div>\n\t\t\t\t<\/div>\n\t\t\t\t<div class=\"elementor-element elementor-element-d8a91b1 elementor-widget elementor-widget-heading\" data-id=\"d8a91b1\" data-element_type=\"widget\" data-e-type=\"widget\" data-settings=\"{&quot;ekit_we_effect_on&quot;:&quot;none&quot;}\" data-widget_type=\"heading.default\">\n\t\t\t\t<div class=\"elementor-widget-container\">\n\t\t\t\t\t<p class=\"elementor-heading-title elementor-size-default\">Le niveau du primaire \"CE1\" correspond g\u00e9n\u00e9ralement \u00e0 la premi\u00e8re ann\u00e9e du cycle Cours \u00c9l\u00e9mentaire (cycle 2) dans de nombreux syst\u00e8mes \u00e9ducatifs. Voici une description g\u00e9n\u00e9rale du niveau CE1 :\n\nLe CE1 est une \u00e9tape cruciale dans la scolarit\u00e9 primaire, car il fait suite \u00e0 la maternelle et marque le d\u00e9but d'un enseignement plus structur\u00e9 et acad\u00e9mique. \u00c0 ce stade, les enfants sont g\u00e9n\u00e9ralement \u00e2g\u00e9s de 6 \u00e0 7 ans.<\/p>\t\t\t\t<\/div>\n\t\t\t\t<\/div>\n\t\t\t\t\t<\/div>\n\t\t<\/div>\n\t\t\t\t<div class=\"elementor-column elementor-col-50 elementor-top-column elementor-element elementor-element-929450a\" data-id=\"929450a\" data-element_type=\"column\" data-e-type=\"column\">\n\t\t\t<div class=\"elementor-widget-wrap elementor-element-populated\">\n\t\t\t\t\t\t<div class=\"elementor-element elementor-element-053d221 elementor-widget elementor-widget-image\" data-id=\"053d221\" data-element_type=\"widget\" data-e-type=\"widget\" data-settings=\"{&quot;ekit_we_effect_on&quot;:&quot;none&quot;}\" data-widget_type=\"image.default\">\n\t\t\t\t<div class=\"elementor-widget-container\">\n\t\t\t\t\t\t\t\t\t\t\t\t\t\t\t<img fetchpriority=\"high\" decoding=\"async\" width=\"640\" height=\"426\" src=\"https:\/\/preparia.ma\/wp-content\/uploads\/2023\/07\/5placestousecuteworldglobes.jpg\" class=\"attachment-large size-large wp-image-50048\" alt=\"\" srcset=\"https:\/\/preparia.ma\/wp-content\/uploads\/2023\/07\/5placestousecuteworldglobes.jpg 1000w, https:\/\/preparia.ma\/wp-content\/uploads\/2023\/07\/5placestousecuteworldglobes-300x200.jpg 300w, https:\/\/preparia.ma\/wp-content\/uploads\/2023\/07\/5placestousecuteworldglobes-768x511.jpg 768w, https:\/\/preparia.ma\/wp-content\/uploads\/2023\/07\/5placestousecuteworldglobes-18x12.jpg 18w\" sizes=\"(max-width: 640px) 100vw, 640px\" \/>\t\t\t\t\t\t\t\t\t\t\t\t\t\t\t<\/div>\n\t\t\t\t<\/div>\n\t\t\t\t\t<\/div>\n\t\t<\/div>\n\t\t\t\t\t<\/div>\n\t\t<\/section>\n\t\t\t\t<section class=\"elementor-section elementor-top-section elementor-element elementor-element-098c36a elementor-section-boxed elementor-section-height-default elementor-section-height-default\" data-id=\"098c36a\" data-element_type=\"section\" data-e-type=\"section\" data-settings=\"{&quot;ekit_has_onepagescroll_dot&quot;:&quot;yes&quot;}\">\n\t\t\t\t\t\t<div class=\"elementor-container elementor-column-gap-default\">\n\t\t\t\t\t<div class=\"elementor-column elementor-col-100 elementor-top-column elementor-element elementor-element-47c0d30\" data-id=\"47c0d30\" data-element_type=\"column\" data-e-type=\"column\">\n\t\t\t<div class=\"elementor-widget-wrap\">\n\t\t\t\t\t\t\t<\/div>\n\t\t<\/div>\n\t\t\t\t\t<\/div>\n\t\t<\/section>\n\t\t\t\t<\/div>","protected":false},"excerpt":{"rendered":"<p>Home Le programme scolaire en CE1 Le niveau du primaire &#8220;CE1&#8221; correspond g\u00e9n\u00e9ralement \u00e0 la premi\u00e8re ann\u00e9e du cycle Cours \u00c9l\u00e9mentaire (cycle 2) dans de nombreux syst\u00e8mes \u00e9ducatifs. Voici une description g\u00e9n\u00e9rale du niveau CE1 : Le CE1 est une \u00e9tape cruciale dans la scolarit\u00e9 primaire, car il fait suite \u00e0 la maternelle et marque&#8230;<\/p>","protected":false},"author":479,"featured_media":0,"parent":47326,"menu_order":0,"comment_status":"closed","ping_status":"closed","template":"elementor_header_footer","meta":{"_acf_changed":false,"_eb_attr":"","inline_featured_image":false,"footnotes":""},"categories":[133],"class_list":["post-47793","page","type-page","status-publish","hentry","category-primaire"],"acf":[],"_links":{"self":[{"href":"https:\/\/preparia.ma\/en\/wp-json\/wp\/v2\/pages\/47793","targetHints":{"allow":["GET"]}}],"collection":[{"href":"https:\/\/preparia.ma\/en\/wp-json\/wp\/v2\/pages"}],"about":[{"href":"https:\/\/preparia.ma\/en\/wp-json\/wp\/v2\/types\/page"}],"author":[{"embeddable":true,"href":"https:\/\/preparia.ma\/en\/wp-json\/wp\/v2\/users\/479"}],"replies":[{"embeddable":true,"href":"https:\/\/preparia.ma\/en\/wp-json\/wp\/v2\/comments?post=47793"}],"version-history":[{"count":0,"href":"https:\/\/preparia.ma\/en\/wp-json\/wp\/v2\/pages\/47793\/revisions"}],"up":[{"embeddable":true,"href":"https:\/\/preparia.ma\/en\/wp-json\/wp\/v2\/pages\/47326"}],"wp:attachment":[{"href":"https:\/\/preparia.ma\/en\/wp-json\/wp\/v2\/media?parent=47793"}],"wp:term":[{"taxonomy":"category","embeddable":true,"href":"https:\/\/preparia.ma\/en\/wp-json\/wp\/v2\/categories?post=47793"}],"curies":[{"name":"wp","href":"https:\/\/api.w.org\/{rel}","templated":true}]}}