{"id":47326,"date":"2023-07-13T12:15:37","date_gmt":"2023-07-13T12:15:37","guid":{"rendered":"https:\/\/preparia.ma\/?page_id=47326"},"modified":"2026-03-18T15:11:47","modified_gmt":"2026-03-18T15:11:47","slug":"primaire","status":"publish","type":"page","link":"https:\/\/preparia.ma\/en\/primaire\/","title":{"rendered":"Primaire"},"content":{"rendered":"\t\t<div data-elementor-type=\"wp-page\" data-elementor-id=\"47326\" class=\"elementor elementor-47326\" data-elementor-post-type=\"page\">\n\t\t\t\t\t\t<section class=\"elementor-section elementor-top-section elementor-element elementor-element-1747453 elementor-section-full_width elementor-section-height-min-height elementor-section-stretched elementor-section-height-default elementor-section-items-middle\" data-id=\"1747453\" data-element_type=\"section\" data-e-type=\"section\" data-settings=\"{&quot;stretch_section&quot;:&quot;section-stretched&quot;,&quot;background_background&quot;:&quot;classic&quot;,&quot;shape_divider_bottom&quot;:&quot;mountains&quot;,&quot;ekit_has_onepagescroll_dot&quot;:&quot;yes&quot;}\">\n\t\t\t\t\t\t\t<div class=\"elementor-background-overlay\"><\/div>\n\t\t\t\t\t\t<div class=\"elementor-shape elementor-shape-bottom\" aria-hidden=\"true\" data-negative=\"false\">\n\t\t\t<svg xmlns=\"http:\/\/www.w3.org\/2000\/svg\" viewBox=\"0 0 1000 100\" preserveAspectRatio=\"none\">\n\t<path class=\"elementor-shape-fill\" opacity=\"0.33\" d=\"M473,67.3c-203.9,88.3-263.1-34-320.3,0C66,119.1,0,59.7,0,59.7V0h1000v59.7 c0,0-62.1,26.1-94.9,29.3c-32.8,3.3-62.8-12.3-75.8-22.1C806,49.6,745.3,8.7,694.9,4.7S492.4,59,473,67.3z\"\/>\n\t<path class=\"elementor-shape-fill\" opacity=\"0.66\" d=\"M734,67.3c-45.5,0-77.2-23.2-129.1-39.1c-28.6-8.7-150.3-10.1-254,39.1 s-91.7-34.4-149.2,0C115.7,118.3,0,39.8,0,39.8V0h1000v36.5c0,0-28.2-18.5-92.1-18.5C810.2,18.1,775.7,67.3,734,67.3z\"\/>\n\t<path class=\"elementor-shape-fill\" d=\"M766.1,28.9c-200-57.5-266,65.5-395.1,19.5C242,1.8,242,5.4,184.8,20.6C128,35.8,132.3,44.9,89.9,52.5C28.6,63.7,0,0,0,0 h1000c0,0-9.9,40.9-83.6,48.1S829.6,47,766.1,28.9z\"\/>\n<\/svg>\t\t<\/div>\n\t\t\t\t\t<div class=\"elementor-container elementor-column-gap-default\">\n\t\t\t\t\t<div class=\"elementor-column elementor-col-100 elementor-top-column elementor-element elementor-element-f885f2b\" data-id=\"f885f2b\" data-element_type=\"column\" data-e-type=\"column\">\n\t\t\t<div class=\"elementor-widget-wrap elementor-element-populated\">\n\t\t\t\t\t\t<div class=\"elementor-element elementor-element-6059ccf elementor-widget elementor-widget-heading\" data-id=\"6059ccf\" data-element_type=\"widget\" data-e-type=\"widget\" data-settings=\"{&quot;ekit_we_effect_on&quot;:&quot;none&quot;}\" data-widget_type=\"heading.default\">\n\t\t\t\t<div class=\"elementor-widget-container\">\n\t\t\t\t\t<span class=\"elementor-heading-title elementor-size-default\">Primaire<\/span>\t\t\t\t<\/div>\n\t\t\t\t<\/div>\n\t\t\t\t\t<\/div>\n\t\t<\/div>\n\t\t\t\t\t<\/div>\n\t\t<\/section>\n\t\t<div class=\"elementor-element elementor-element-59dacc1 e-flex e-con-boxed e-con e-parent\" data-id=\"59dacc1\" data-element_type=\"container\" data-e-type=\"container\" data-settings=\"{&quot;ekit_has_onepagescroll_dot&quot;:&quot;yes&quot;}\">\n\t\t\t\t\t<div class=\"e-con-inner\">\n\t\t\t\t<div class=\"elementor-element elementor-element-23205e1 elementor-widget elementor-widget-html\" data-id=\"23205e1\" data-element_type=\"widget\" data-e-type=\"widget\" data-settings=\"{&quot;ekit_we_effect_on&quot;:&quot;none&quot;}\" data-widget_type=\"html.default\">\n\t\t\t\t<div class=\"elementor-widget-container\">\n\t\t\t\t\t<div class=\"preparia-navigation-wrapper\">\r\n    <div class=\"main-tabs\">\r\n        <button class=\"tab-item active\" onclick=\"togglePrimaireTab(event, 'tab-ce1')\">CE1<\/button>\r\n        <button class=\"tab-item\" onclick=\"togglePrimaireTab(event, 'tab-ce2')\">CE2<\/button>\r\n        <button class=\"tab-item\" onclick=\"togglePrimaireTab(event, 'tab-ce3')\">CE3<\/button>\r\n        <button class=\"tab-item\" onclick=\"togglePrimaireTab(event, 'tab-ce4')\">CE4<\/button>\r\n        <button class=\"tab-item\" onclick=\"togglePrimaireTab(event, 'tab-ce5')\">CE5<\/button>\r\n        <button class=\"tab-item\" onclick=\"togglePrimaireTab(event, 'tab-ce6')\">CE6<\/button>\r\n    <\/div>\r\n\r\n    <div id=\"tab-ce1\" class=\"sub-menu-content\" style=\"display: block;\">\r\n        <div class=\"sub-menu-grid\">\r\n            <a href=\"#\" class=\"styled-button\">MATH\u00c9MATIQUES<\/a>\r\n            <a href=\"#\" class=\"styled-button\">FRAN\u00c7AIS<\/a>\r\n            <a href=\"#\" class=\"styled-button\">\u00c9VEIL<\/a>\r\n        <\/div>\r\n    <\/div>\r\n\r\n    <div id=\"tab-ce2\" class=\"sub-menu-content\">\r\n        <div class=\"sub-menu-grid\">\r\n            <a href=\"#\" class=\"styled-button\">MATH\u00c9MATIQUES<\/a>\r\n            <a href=\"#\" class=\"styled-button\">SCIENCES<\/a>\r\n            <a href=\"#\" class=\"styled-button\">FRAN\u00c7AIS<\/a>\r\n            <a href=\"#\" class=\"styled-button\">ANGLAIS<\/a>\r\n        <\/div>\r\n    <\/div>\r\n\r\n    <div id=\"tab-ce3\" class=\"sub-menu-content\">\r\n        <div class=\"sub-menu-grid\">\r\n            <a href=\"#\" class=\"styled-button\">MATH\u00c9MATIQUES<\/a>\r\n            <a href=\"#\" class=\"styled-button\">SCIENCES<\/a>\r\n            <a href=\"#\" class=\"styled-button\">FRAN\u00c7AIS<\/a>\r\n            <a href=\"#\" class=\"styled-button\">ANGLAIS<\/a>\r\n        <\/div>\r\n    <\/div>\r\n\r\n    <div id=\"tab-ce4\" class=\"sub-menu-content\">\r\n        <div class=\"sub-menu-grid\">\r\n            <a href=\"#\" class=\"styled-button\">MATH\u00c9MATIQUES<\/a>\r\n            <a href=\"#\" class=\"styled-button\">SCIENCES<\/a>\r\n            <a href=\"#\" class=\"styled-button\">FRAN\u00c7AIS<\/a>\r\n            <a href=\"#\" class=\"styled-button\">ANGLAIS<\/a>\r\n        <\/div>\r\n    <\/div>\r\n\r\n    <div id=\"tab-ce5\" class=\"sub-menu-content\">\r\n        <div class=\"sub-menu-grid\">\r\n            <a href=\"#\" class=\"styled-button\">MATH\u00c9MATIQUES<\/a>\r\n            <a href=\"#\" class=\"styled-button\">SCIENCES<\/a>\r\n            <a href=\"#\" class=\"styled-button\">FRAN\u00c7AIS<\/a>\r\n            <a href=\"#\" class=\"styled-button\">ANGLAIS<\/a>\r\n        <\/div>\r\n    <\/div>\r\n\r\n    <div id=\"tab-ce6\" class=\"sub-menu-content\">\r\n        <div class=\"sub-menu-grid\">\r\n            <a href=\"#\" class=\"styled-button\">PR\u00c9PARATION EXAMEN<\/a>\r\n            <a href=\"#\" class=\"styled-button\">MATH\u00c9MATIQUES<\/a>\r\n            <a href=\"#\" class=\"styled-button\">FRAN\u00c7AIS<\/a>\r\n        <\/div>\r\n    <\/div>\r\n<\/div>\r\n\r\n\r\n\r\n<script>\r\n    function togglePrimaireTab(evt, tabName) {\r\n        var i, tabcontent, tablinks;\r\n        tabcontent = document.getElementsByClassName(\"sub-menu-content\");\r\n        var currentTab = document.getElementById(tabName);\r\n        \r\n        var isAlreadyActive = evt.currentTarget.classList.contains(\"active\");\r\n\r\n        for (i = 0; i < tabcontent.length; i++) {\r\n            tabcontent[i].style.display = \"none\";\r\n        }\r\n        tablinks = document.getElementsByClassName(\"tab-item\");\r\n        for (i = 0; i < tablinks.length; i++) {\r\n            tablinks[i].classList.remove(\"active\");\r\n        }\r\n\r\n        if (!isAlreadyActive) {\r\n            currentTab.style.display = \"block\";\r\n            evt.currentTarget.classList.add(\"active\");\r\n        }\r\n    }\r\n<\/script>\t\t\t\t<\/div>\n\t\t\t\t<\/div>\n\t\t\t\t\t<\/div>\n\t\t\t\t<\/div>\n\t\t\t\t<\/div>\n\t\t","protected":false},"excerpt":{"rendered":"<p>Primaire CE1 CE2 CE3 CE4 CE5 CE6 MATH\u00c9MATIQUES FRAN\u00c7AIS \u00c9VEIL MATH\u00c9MATIQUES SCIENCES FRAN\u00c7AIS ANGLAIS MATH\u00c9MATIQUES SCIENCES FRAN\u00c7AIS ANGLAIS MATH\u00c9MATIQUES SCIENCES FRAN\u00c7AIS ANGLAIS MATH\u00c9MATIQUES SCIENCES FRAN\u00c7AIS ANGLAIS PR\u00c9PARATION EXAMEN MATH\u00c9MATIQUES FRAN\u00c7AIS<\/p>","protected":false},"author":1,"featured_media":0,"parent":0,"menu_order":0,"comment_status":"closed","ping_status":"closed","template":"elementor_header_footer","meta":{"_acf_changed":false,"_eb_attr":"","inline_featured_image":false,"footnotes":""},"categories":[],"class_list":["post-47326","page","type-page","status-publish","hentry"],"acf":[],"_links":{"self":[{"href":"https:\/\/preparia.ma\/en\/wp-json\/wp\/v2\/pages\/47326","targetHints":{"allow":["GET"]}}],"collection":[{"href":"https:\/\/preparia.ma\/en\/wp-json\/wp\/v2\/pages"}],"about":[{"href":"https:\/\/preparia.ma\/en\/wp-json\/wp\/v2\/types\/page"}],"author":[{"embeddable":true,"href":"https:\/\/preparia.ma\/en\/wp-json\/wp\/v2\/users\/1"}],"replies":[{"embeddable":true,"href":"https:\/\/preparia.ma\/en\/wp-json\/wp\/v2\/comments?post=47326"}],"version-history":[{"count":7,"href":"https:\/\/preparia.ma\/en\/wp-json\/wp\/v2\/pages\/47326\/revisions"}],"predecessor-version":[{"id":152957,"href":"https:\/\/preparia.ma\/en\/wp-json\/wp\/v2\/pages\/47326\/revisions\/152957"}],"wp:attachment":[{"href":"https:\/\/preparia.ma\/en\/wp-json\/wp\/v2\/media?parent=47326"}],"wp:term":[{"taxonomy":"category","embeddable":true,"href":"https:\/\/preparia.ma\/en\/wp-json\/wp\/v2\/categories?post=47326"}],"curies":[{"name":"wp","href":"https:\/\/api.w.org\/{rel}","templated":true}]}}